{"id":7,"date":"2025-09-05T09:31:55","date_gmt":"2025-09-05T07:31:55","guid":{"rendered":"https:\/\/par56-demo1.fr\/pelerinages\/?page_id=7"},"modified":"2025-09-05T09:31:55","modified_gmt":"2025-09-05T07:31:55","slug":"le-sens-du-pelerinage","status":"publish","type":"page","link":"https:\/\/par56-demo1.fr\/pelerinages\/le-sens-du-pelerinage\/","title":{"rendered":"Le sens du p\u00e8lerinage"},"content":{"rendered":"\n<p>Partir en <strong>p\u00e8lerinage<\/strong>, c\u2019est r\u00e9pondre \u00e0 l\u2019appel du Seigneur en marchant vers un lieu saint. Ces lieux peuvent \u00eatre marqu\u00e9s par la pr\u00e9sence d\u2019un Saint, par un \u00e9v\u00e9nement spirituel ou par une manifestation particuli\u00e8re de Dieu. Le p\u00e8lerinage n\u2019est pas seulement un voyage ext\u00e9rieur : c\u2019est une marche vers le Christ, v\u00e9cue avec d\u2019autres croyants, dans la pri\u00e8re, le silence et le partage. Pour beaucoup, un p\u00e8lerinage devient une v\u00e9ritable exp\u00e9rience de foi qui renouvelle et transforme la vie.<\/p>\n\n\n\n<p>Devenir p\u00e8lerin, c\u2019est accepter de mettre son quotidien entre parenth\u00e8ses. Le p\u00e8lerinage est une pause dans nos vies souvent trop rapides, pour se rendre disponible \u00e0 Dieu. On marche ensemble, on \u00e9coute la Parole, on c\u00e9l\u00e8bre les sacrements et on se laisse porter par la fraternit\u00e9. Le p\u00e8lerinage est une exp\u00e9rience d\u2019\u00c9glise o\u00f9 l\u2019on d\u00e9couvre la joie d\u2019avancer c\u00f4te \u00e0 c\u00f4te, \u00e0 la fois sur le chemin terrestre et sur le chemin int\u00e9rieur.<\/p>\n\n\n\n<h2 class=\"wp-block-heading\">Le p\u00e8lerinage : une exp\u00e9rience qui se poursuit<\/h2>\n\n\n\n<p>\u00c0 la fin d\u2019un p\u00e8lerinage, le chemin ne s\u2019arr\u00eate pas. Comme les disciples envoy\u00e9s par le Christ, nous sommes appel\u00e9s \u00e0 retourner dans notre quotidien et \u00e0 t\u00e9moigner. Le p\u00e8lerinage nous aide \u00e0 porter un regard nouveau sur notre vie de tous les jours, \u00e0 y voir les signes de Dieu, m\u00eame dans un monde parfois \u00e9loign\u00e9 de la foi. Raconter ce que nous avons vu et entendu devient alors une mani\u00e8re d\u2019inviter d\u2019autres \u00e0 vivre \u00e0 leur tour cette <strong>marche avec Dieu<\/strong>.<\/p>\n\n\n\n<h2 class=\"wp-block-heading\">Qui organise les p\u00e8lerinages dioc\u00e9sains ?<\/h2>\n\n\n\n<p>La <strong>Direction dioc\u00e9saine des p\u00e8lerinages<\/strong> du dioc\u00e8se de Vannes accompagne tous ceux qui d\u00e9sirent vivre cette d\u00e9marche de foi. Elle organise les grands p\u00e8lerinages dioc\u00e9sains vers des lieux saints (comme Lourdes, Rome, ou la Terre Sainte), et soutient \u00e9galement les p\u00e8lerinages initi\u00e9s par les paroisses, services ou mouvements. Chaque p\u00e8lerinage est pens\u00e9 pour permettre \u00e0 chacun d\u2019approfondir sa relation avec le Christ et de vivre une exp\u00e9rience fraternelle.<\/p>\n\n\n\n<h2 class=\"wp-block-heading\">Une mission pastorale<\/h2>\n\n\n\n<p>Un <strong>p\u00e8lerinage <\/strong>est toujours construit autour d\u2019un th\u00e8me spirituel. Il comprend des temps de pri\u00e8re, de c\u00e9l\u00e9bration, de d\u00e9couverte de lieux porteurs de foi, mais aussi des rencontres avec les habitants ou les t\u00e9moins de ces lieux. Le p\u00e8lerinage est \u00e0 la fois une d\u00e9marche spirituelle et humaine : il nourrit la foi, mais il permet aussi de d\u00e9couvrir la richesse culturelle et spirituelle de l\u2019\u00c9glise universelle.<\/p>\n\n\n\n<h2 class=\"wp-block-heading\">Une mission technique et s\u00e9curis\u00e9e<\/h2>\n\n\n\n<p>Organiser un <strong>p\u00e8lerinage <\/strong>demande s\u00e9rieux et rigueur. C\u2019est pourquoi seuls les p\u00e8lerinages dioc\u00e9sains agr\u00e9\u00e9s peuvent assurer cette organisation. La Direction dioc\u00e9saine des p\u00e8lerinages du dioc\u00e8se de Vannes prend en charge les aspects pratiques et l\u00e9gaux : transport, h\u00e9bergement, finances, responsabilit\u00e9 civile et p\u00e9nale. Ainsi, les p\u00e8lerins peuvent vivre leur p\u00e8lerinage en toute confiance et dans la paix du c\u0153ur.<\/p>\n","protected":false},"excerpt":{"rendered":"<p>Partir en p\u00e8lerinage, c\u2019est r\u00e9pondre \u00e0 l\u2019appel du Seigneur en marchant vers un lieu saint. Ces lieux peuvent \u00eatre marqu\u00e9s par la pr\u00e9sence d\u2019un Saint, par un \u00e9v\u00e9nement spirituel ou [&hellip;]<\/p>\n","protected":false},"author":1,"featured_media":0,"parent":0,"menu_order":0,"comment_status":"closed","ping_status":"closed","template":"","meta":{"_eb_attr":"","_EventAllDay":false,"_EventTimezone":"","_EventStartDate":"","_EventEndDate":"","_EventStartDateUTC":"","_EventEndDateUTC":"","_EventShowMap":false,"_EventShowMapLink":false,"_EventURL":"","_EventCost":"","_EventCostDescription":"","_EventCurrencySymbol":"","_EventCurrencyCode":"","_EventCurrencyPosition":"","_EventDateTimeSeparator":"","_EventTimeRangeSeparator":"","_EventOrganizerID":[],"_EventVenueID":[],"_OrganizerEmail":"","_OrganizerPhone":"","_OrganizerWebsite":"","_VenueAddress":"","_VenueCity":"","_VenueCountry":"","_VenueProvince":"","_VenueState":"","_VenueZip":"","_VenuePhone":"","_VenueURL":"","_VenueStateProvince":"","_VenueLat":"","_VenueLng":"","_VenueShowMap":false,"_VenueShowMapLink":false,"footnotes":""},"class_list":["post-7","page","type-page","status-publish","hentry"],"_links":{"self":[{"href":"https:\/\/par56-demo1.fr\/pelerinages\/wp-json\/wp\/v2\/pages\/7","targetHints":{"allow":["GET"]}}],"collection":[{"href":"https:\/\/par56-demo1.fr\/pelerinages\/wp-json\/wp\/v2\/pages"}],"about":[{"href":"https:\/\/par56-demo1.fr\/pelerinages\/wp-json\/wp\/v2\/types\/page"}],"author":[{"embeddable":true,"href":"https:\/\/par56-demo1.fr\/pelerinages\/wp-json\/wp\/v2\/users\/1"}],"replies":[{"embeddable":true,"href":"https:\/\/par56-demo1.fr\/pelerinages\/wp-json\/wp\/v2\/comments?post=7"}],"version-history":[{"count":1,"href":"https:\/\/par56-demo1.fr\/pelerinages\/wp-json\/wp\/v2\/pages\/7\/revisions"}],"predecessor-version":[{"id":9,"href":"https:\/\/par56-demo1.fr\/pelerinages\/wp-json\/wp\/v2\/pages\/7\/revisions\/9"}],"wp:attachment":[{"href":"https:\/\/par56-demo1.fr\/pelerinages\/wp-json\/wp\/v2\/media?parent=7"}],"curies":[{"name":"wp","href":"https:\/\/api.w.org\/{rel}","templated":true}]}}