{"id":19,"date":"2025-09-05T09:47:10","date_gmt":"2025-09-05T07:47:10","guid":{"rendered":"https:\/\/par56-demo1.fr\/pelerinages\/?page_id=19"},"modified":"2025-09-05T09:47:10","modified_gmt":"2025-09-05T07:47:10","slug":"intentions-de-prieres","status":"publish","type":"page","link":"https:\/\/par56-demo1.fr\/pelerinages\/intentions-de-prieres\/","title":{"rendered":"Porter vos intentions de pri\u00e8res"},"content":{"rendered":"\n<h2 class=\"wp-block-heading\">Pri\u00e8re en P\u00e8lerinage<\/h2>\n\n\n\n<p><strong>Confier vos intentions de pri\u00e8re aux p\u00e8lerins qui partent<\/strong>&nbsp;: \u00e0 Lourdes, \u00e0 Rome, en Terre Sainte ou dans un lieu Saint, cela est possible. Nous vous proposons, dans nos p\u00e8lerinages, de porter dans la pri\u00e8re &nbsp;\u00ab les joies et les espoirs, les tristesses et les angoisses des hommes de ce temps, des pauvres et de tous ceux qui souffrent \u00bb (Concile Vatican II, Gaudium et spes).<\/p>\n\n\n\n<p>Pour nous confier votre intention de pri\u00e8re, adressez-nous un courrier \u00e0 l\u2019adresse suivante, en pr\u00e9cisant le lieu o\u00f9 vous  souhaitez qu\u2019elle soit pr\u00e9sent\u00e9e\u00a0:<br>Direction dioc\u00e9saine des p\u00e8lerinages<br>Ev\u00each\u00e9 de Vannes \u2013 IP<br>14 rue de l\u2019Ev\u00each\u00e9 \u2013 CS 82003<br>56001 Vannes cedex<\/p>\n\n\n\n<h2 class=\"wp-block-heading\">L\u2019offrande de Messe<\/h2>\n\n\n\n<p><strong>Toutes les personnes qui le souhaitent peuvent demander que soit c\u00e9l\u00e9br\u00e9e une messe pour des intentions particuli\u00e8res<\/strong>&nbsp;:<br>\u2013 pour remercier Dieu ;<br>\u2013 pour accompagner des proches dans tous les moments de la vie (joies, peines) ;<br>\u2013 pour les vivants ou les d\u00e9funts de sa famille ; Pour prier pour des jeunes mari\u00e9s, des noces d\u2019argent, un nouveau pr\u00eatre\u2026<\/p>\n\n\n\n<p>Si vous souhaitez que, lors de nos p\u00e8lerinages, une messe soit c\u00e9l\u00e9br\u00e9e \u00e0 vos intentions particuli\u00e8res, cela est possible. Adressez-nous par courrier votre intention accompagn\u00e9e de votre offrande \u00e0 l\u2019adresse suivante&nbsp;:<\/p>\n\n\n\n<p class=\"has-text-align-center\">Direction dioc\u00e9saine des p\u00e8lerinages<br>Ev\u00each\u00e9 de Vannes \u2013 OF<br>14 rue de l\u2019Ev\u00each\u00e9 \u2013 CS 82003<br>56001 Vannes cedex<\/p>\n\n\n\n<p>Merci de nous indiquer le lieu o\u00f9 vous souhaiteriez que soit c\u00e9l\u00e9br\u00e9e la messe \u00e0 l\u2019intention recommand\u00e9e. L\u2019offrande recommand\u00e9e pour une intention de messe est de 17 euros. Ch\u00e8que \u00e0 l\u2019ordre de&nbsp;: \u00ab&nbsp;Association dioc\u00e9saine de Vannes&nbsp;\u00bb<\/p>\n\n\n\n<h2 class=\"wp-block-heading\">Le saviez-vous ? L\u2019offrande, une tradition s\u00e9culaire<\/h2>\n\n\n\n<p>La tradition manifest\u00e9e d\u00e8s les premiers si\u00e8cles de l\u2019\u00c9glise est d\u2019accompagner cette intention particuli\u00e8re d\u2019une offrande. Cette offrande mon\u00e9taire (d\u00e8s le VIII\u00e8me si\u00e8cle) n\u2019est pas le paiement d\u2019une c\u00e9l\u00e9bration car la messe n\u2019a pas de prix. En fait, ces offrandes sont destin\u00e9es \u00e0 assurer la vie de l\u2019\u00c9glise et la vie mat\u00e9rielle des pr\u00eatres qui c\u00e9l\u00e8brent.\u00a0Il s\u2019agit d\u2019un geste de partage, d\u2019un acte de foi en l\u2019\u00c9glise r\u00e9pandue \u00e0 travers le monde.<\/p>\n","protected":false},"excerpt":{"rendered":"<p>Pri\u00e8re en P\u00e8lerinage Confier vos intentions de pri\u00e8re aux p\u00e8lerins qui partent&nbsp;: \u00e0 Lourdes, \u00e0 Rome, en Terre Sainte ou dans un lieu Saint, cela est possible. Nous vous proposons, [&hellip;]<\/p>\n","protected":false},"author":1,"featured_media":0,"parent":0,"menu_order":0,"comment_status":"closed","ping_status":"closed","template":"","meta":{"_eb_attr":"","_EventAllDay":false,"_EventTimezone":"","_EventStartDate":"","_EventEndDate":"","_EventStartDateUTC":"","_EventEndDateUTC":"","_EventShowMap":false,"_EventShowMapLink":false,"_EventURL":"","_EventCost":"","_EventCostDescription":"","_EventCurrencySymbol":"","_EventCurrencyCode":"","_EventCurrencyPosition":"","_EventDateTimeSeparator":"","_EventTimeRangeSeparator":"","_EventOrganizerID":[],"_EventVenueID":[],"_OrganizerEmail":"","_OrganizerPhone":"","_OrganizerWebsite":"","_VenueAddress":"","_VenueCity":"","_VenueCountry":"","_VenueProvince":"","_VenueState":"","_VenueZip":"","_VenuePhone":"","_VenueURL":"","_VenueStateProvince":"","_VenueLat":"","_VenueLng":"","_VenueShowMap":false,"_VenueShowMapLink":false,"footnotes":""},"class_list":["post-19","page","type-page","status-publish","hentry"],"_links":{"self":[{"href":"https:\/\/par56-demo1.fr\/pelerinages\/wp-json\/wp\/v2\/pages\/19","targetHints":{"allow":["GET"]}}],"collection":[{"href":"https:\/\/par56-demo1.fr\/pelerinages\/wp-json\/wp\/v2\/pages"}],"about":[{"href":"https:\/\/par56-demo1.fr\/pelerinages\/wp-json\/wp\/v2\/types\/page"}],"author":[{"embeddable":true,"href":"https:\/\/par56-demo1.fr\/pelerinages\/wp-json\/wp\/v2\/users\/1"}],"replies":[{"embeddable":true,"href":"https:\/\/par56-demo1.fr\/pelerinages\/wp-json\/wp\/v2\/comments?post=19"}],"version-history":[{"count":1,"href":"https:\/\/par56-demo1.fr\/pelerinages\/wp-json\/wp\/v2\/pages\/19\/revisions"}],"predecessor-version":[{"id":20,"href":"https:\/\/par56-demo1.fr\/pelerinages\/wp-json\/wp\/v2\/pages\/19\/revisions\/20"}],"wp:attachment":[{"href":"https:\/\/par56-demo1.fr\/pelerinages\/wp-json\/wp\/v2\/media?parent=19"}],"curies":[{"name":"wp","href":"https:\/\/api.w.org\/{rel}","templated":true}]}}