{"id":68,"date":"2025-08-04T14:48:46","date_gmt":"2025-08-04T14:48:46","guid":{"rendered":"https:\/\/par56-demo1.fr\/paroisses\/?page_id=68"},"modified":"2025-08-05T08:24:09","modified_gmt":"2025-08-05T08:24:09","slug":"augan","status":"publish","type":"page","link":"https:\/\/par56-demo1.fr\/paroisses\/augan\/","title":{"rendered":"Augan"},"content":{"rendered":"\n<p>\u00c9glise Saint-Marc<\/p>\n\n\n\n<div class=\"wp-block-buttons is-layout-flex wp-block-buttons-is-layout-flex\">\n<div class=\"wp-block-button\"><a class=\"wp-block-button__link wp-element-button\" href=\"https:\/\/messes.info\/lieu\/56\/augan\/eglise-saint-marc\" target=\"_blank\" rel=\"noreferrer noopener\">Horaires des messes<\/a><\/div>\n<\/div>\n\n\n\n<p><a href=\"mailto:paroissesdeploermel@gmail.com\" data-type=\"mailto\" data-id=\"mailto:ploermel@diocese-vannes.fr\">Contact<\/a><\/p>\n\n\n\n<p><a href=\"https:\/\/paroissesdeploermel.fr\" data-type=\"link\" data-id=\"https:\/\/paroissesdeploermel.fr\/horaires-des-messes\/\" target=\"_blank\" rel=\"noreferrer noopener\">Site web<\/a><\/p>\n\n\n\n<p><strong>Envie de suivre la vie de notre paroisse ?<\/strong> Rendez-vous sur notre site internet pour ne rien manquer. Bonne d\u00e9couverte ! <a href=\"https:\/\/paroissesdeploermel.fr\/horaires-des-messes\/\" data-type=\"link\" data-id=\"https:\/\/paroisses-allaire.fr\/\" target=\"_blank\" rel=\"noreferrer noopener\">Voir le site de la paroisse<\/a><\/p>\n\n\n\n<p><\/p>\n\n\n\n<h2 class=\"wp-block-heading\">Coordonn\u00e9es<\/h2>\n\n\n\n<p>Maison paroissiale, 50 ter rue du G\u00e9n\u00e9ral Dubreton \u2013 56800 PLO\u00cbRMEL<br>T\u00e9l\u00e9phone : <a href=\"tel:0297740705\">02 97 74 07 05<\/a><br>Courriel : <a href=\"mailto:paroissesdeploermel@gmail.com\">paroissesdeploermel@gmail.com<\/a><\/p>\n\n\n\n<p><\/p>\n","protected":false},"excerpt":{"rendered":"<p>\u00c9glise Saint-Marc Contact Site web Envie de suivre la vie de notre paroisse ? Rendez-vous sur notre site internet pour ne rien manquer. Bonne d\u00e9couverte ! Voir le site de [&hellip;]<\/p>\n","protected":false},"author":1,"featured_media":70,"parent":0,"menu_order":0,"comment_status":"closed","ping_status":"closed","template":"","meta":{"_eb_attr":"","_EventAllDay":false,"_EventTimezone":"","_EventStartDate":"","_EventEndDate":"","_EventStartDateUTC":"","_EventEndDateUTC":"","_EventShowMap":false,"_EventShowMapLink":false,"_EventURL":"","_EventCost":"","_EventCostDescription":"","_EventCurrencySymbol":"","_EventCurrencyCode":"","_EventCurrencyPosition":"","_EventDateTimeSeparator":"","_EventTimeRangeSeparator":"","_EventOrganizerID":[],"_EventVenueID":[],"_OrganizerEmail":"","_OrganizerPhone":"","_OrganizerWebsite":"","_VenueAddress":"","_VenueCity":"","_VenueCountry":"","_VenueProvince":"","_VenueState":"","_VenueZip":"","_VenuePhone":"","_VenueURL":"","_VenueStateProvince":"","_VenueLat":"","_VenueLng":"","_VenueShowMap":false,"_VenueShowMapLink":false,"footnotes":""},"categories":[8],"tags":[],"class_list":["post-68","page","type-page","status-publish","has-post-thumbnail","hentry","category-doyenne-de-ploermel"],"_links":{"self":[{"href":"https:\/\/par56-demo1.fr\/paroisses\/wp-json\/wp\/v2\/pages\/68","targetHints":{"allow":["GET"]}}],"collection":[{"href":"https:\/\/par56-demo1.fr\/paroisses\/wp-json\/wp\/v2\/pages"}],"about":[{"href":"https:\/\/par56-demo1.fr\/paroisses\/wp-json\/wp\/v2\/types\/page"}],"author":[{"embeddable":true,"href":"https:\/\/par56-demo1.fr\/paroisses\/wp-json\/wp\/v2\/users\/1"}],"replies":[{"embeddable":true,"href":"https:\/\/par56-demo1.fr\/paroisses\/wp-json\/wp\/v2\/comments?post=68"}],"version-history":[{"count":2,"href":"https:\/\/par56-demo1.fr\/paroisses\/wp-json\/wp\/v2\/pages\/68\/revisions"}],"predecessor-version":[{"id":71,"href":"https:\/\/par56-demo1.fr\/paroisses\/wp-json\/wp\/v2\/pages\/68\/revisions\/71"}],"wp:featuredmedia":[{"embeddable":true,"href":"https:\/\/par56-demo1.fr\/paroisses\/wp-json\/wp\/v2\/media\/70"}],"wp:attachment":[{"href":"https:\/\/par56-demo1.fr\/paroisses\/wp-json\/wp\/v2\/media?parent=68"}],"wp:term":[{"taxonomy":"category","embeddable":true,"href":"https:\/\/par56-demo1.fr\/paroisses\/wp-json\/wp\/v2\/categories?post=68"},{"taxonomy":"post_tag","embeddable":true,"href":"https:\/\/par56-demo1.fr\/paroisses\/wp-json\/wp\/v2\/tags?post=68"}],"curies":[{"name":"wp","href":"https:\/\/api.w.org\/{rel}","templated":true}]}}