{"id":58,"date":"2025-07-10T13:47:26","date_gmt":"2025-07-10T13:47:26","guid":{"rendered":"https:\/\/par56-demo1.fr\/paroisses\/?page_id=58"},"modified":"2025-08-05T08:36:16","modified_gmt":"2025-08-05T08:36:16","slug":"arzal","status":"publish","type":"page","link":"https:\/\/par56-demo1.fr\/paroisses\/arzal\/","title":{"rendered":"Arzal"},"content":{"rendered":"\n<p>\u00c9glise Saint-Martin<\/p>\n\n\n\n<div class=\"wp-block-buttons is-layout-flex wp-block-buttons-is-layout-flex\">\n<div class=\"wp-block-button\"><a class=\"wp-block-button__link wp-element-button\" href=\"https:\/\/messes.info\/lieu\/56\/arzal\/\" target=\"_blank\" rel=\"noreferrer noopener\">Horaires des messes<\/a><\/div>\n<\/div>\n\n\n\n<p><a href=\"mailto:contact@paroisse-arzal.fr\" data-type=\"link\" data-id=\"allaireeglise@gmail.com\">Contact<\/a><\/p>\n\n\n\n<p><a href=\"https:\/\/paroisse-arzal.fr\/\" target=\"_blank\" rel=\"noreferrer noopener\">Site web<\/a><\/p>\n\n\n\n<p><strong>Envie de suivre la vie de notre paroisse ?<\/strong> Rendez-vous sur notre site internet pour ne rien manquer. Bonne d\u00e9couverte ! <a href=\"https:\/\/paroisse-arzal.fr\/\" data-type=\"link\" data-id=\"https:\/\/paroisses-allaire.fr\/\" target=\"_blank\" rel=\"noreferrer noopener\">Voir le site de la paroisse<\/a><\/p>\n\n\n\n<p><\/p>\n\n\n\n<h2 class=\"wp-block-heading\">Coordonn\u00e9es<\/h2>\n\n\n\n<p>16, clos du presbyt\u00e8re &#8211; 56190 ARZAL<br>T\u00e9l\u00e9phone : <a href=\"tel:0609958631\">06 09 95 86 31<\/a><br>Courriel : <a href=\"mailto:contact@paroisse-arzal.fr\">contact@paroisse-arzal.fr<\/a><\/p>\n\n\n\n<p><\/p>\n","protected":false},"excerpt":{"rendered":"<p>\u00c9glise Saint-Martin Contact Site web Envie de suivre la vie de notre paroisse ? Rendez-vous sur notre site internet pour ne rien manquer. Bonne d\u00e9couverte ! Voir le site de [&hellip;]<\/p>\n","protected":false},"author":1,"featured_media":59,"parent":0,"menu_order":0,"comment_status":"closed","ping_status":"closed","template":"","meta":{"_eb_attr":"","_EventAllDay":false,"_EventTimezone":"","_EventStartDate":"","_EventEndDate":"","_EventStartDateUTC":"","_EventEndDateUTC":"","_EventShowMap":false,"_EventShowMapLink":false,"_EventURL":"","_EventCost":"","_EventCostDescription":"","_EventCurrencySymbol":"","_EventCurrencyCode":"","_EventCurrencyPosition":"","_EventDateTimeSeparator":"","_EventTimeRangeSeparator":"","_EventOrganizerID":[],"_EventVenueID":[],"_OrganizerEmail":"","_OrganizerPhone":"","_OrganizerWebsite":"","_VenueAddress":"","_VenueCity":"","_VenueCountry":"","_VenueProvince":"","_VenueState":"","_VenueZip":"","_VenuePhone":"","_VenueURL":"","_VenueStateProvince":"","_VenueLat":"","_VenueLng":"","_VenueShowMap":false,"_VenueShowMapLink":false,"footnotes":""},"categories":[7],"tags":[17],"class_list":["post-58","page","type-page","status-publish","has-post-thumbnail","hentry","category-doyenne-de-questembert","tag-en-bord-de-mer"],"_links":{"self":[{"href":"https:\/\/par56-demo1.fr\/paroisses\/wp-json\/wp\/v2\/pages\/58","targetHints":{"allow":["GET"]}}],"collection":[{"href":"https:\/\/par56-demo1.fr\/paroisses\/wp-json\/wp\/v2\/pages"}],"about":[{"href":"https:\/\/par56-demo1.fr\/paroisses\/wp-json\/wp\/v2\/types\/page"}],"author":[{"embeddable":true,"href":"https:\/\/par56-demo1.fr\/paroisses\/wp-json\/wp\/v2\/users\/1"}],"replies":[{"embeddable":true,"href":"https:\/\/par56-demo1.fr\/paroisses\/wp-json\/wp\/v2\/comments?post=58"}],"version-history":[{"count":1,"href":"https:\/\/par56-demo1.fr\/paroisses\/wp-json\/wp\/v2\/pages\/58\/revisions"}],"predecessor-version":[{"id":60,"href":"https:\/\/par56-demo1.fr\/paroisses\/wp-json\/wp\/v2\/pages\/58\/revisions\/60"}],"wp:featuredmedia":[{"embeddable":true,"href":"https:\/\/par56-demo1.fr\/paroisses\/wp-json\/wp\/v2\/media\/59"}],"wp:attachment":[{"href":"https:\/\/par56-demo1.fr\/paroisses\/wp-json\/wp\/v2\/media?parent=58"}],"wp:term":[{"taxonomy":"category","embeddable":true,"href":"https:\/\/par56-demo1.fr\/paroisses\/wp-json\/wp\/v2\/categories?post=58"},{"taxonomy":"post_tag","embeddable":true,"href":"https:\/\/par56-demo1.fr\/paroisses\/wp-json\/wp\/v2\/tags?post=58"}],"curies":[{"name":"wp","href":"https:\/\/api.w.org\/{rel}","templated":true}]}}