{"id":12,"date":"2025-06-25T13:46:07","date_gmt":"2025-06-25T13:46:07","guid":{"rendered":"http:\/\/par56-demo1.fr\/paroisses\/?page_id=12"},"modified":"2025-09-09T08:36:33","modified_gmt":"2025-09-09T08:36:33","slug":"bienvenue-dans-les-paroisses-du-morbihan","status":"publish","type":"page","link":"https:\/\/par56-demo1.fr\/paroisses\/","title":{"rendered":"Bienvenue dans les paroisses du Morbihan"},"content":{"rendered":"\n<div style=\"height:20px\" aria-hidden=\"true\" class=\"wp-block-spacer\"><\/div>\n\n\n<form role=\"search\" method=\"get\" action=\"https:\/\/par56-demo1.fr\/paroisses\/\" class=\"wp-block-search__button-outside wp-block-search__icon-button wp-block-search\"    ><label class=\"wp-block-search__label screen-reader-text\" for=\"wp-block-search__input-1\" >Rechercher une paroisse<\/label><div class=\"wp-block-search__inside-wrapper\" ><input class=\"wp-block-search__input\" id=\"wp-block-search__input-1\" placeholder=\"Rechercher une paroisse\u2026\" value=\"\" type=\"search\" name=\"s\" required \/><button aria-label=\"Rechercher\" class=\"wp-block-search__button has-icon wp-element-button\" type=\"submit\" ><svg class=\"search-icon\" viewBox=\"0 0 24 24\" width=\"24\" height=\"24\">\n\t\t\t\t\t<path d=\"M13 5c-3.3 0-6 2.7-6 6 0 1.4.5 2.7 1.3 3.7l-3.8 3.8 1.1 1.1 3.8-3.8c1 .8 2.3 1.3 3.7 1.3 3.3 0 6-2.7 6-6S16.3 5 13 5zm0 10.5c-2.5 0-4.5-2-4.5-4.5s2-4.5 4.5-4.5 4.5 2 4.5 4.5-2 4.5-4.5 4.5z\"><\/path>\n\t\t\t\t<\/svg><\/button><\/div><\/form>\n\n\n<div style=\"height:20px\" aria-hidden=\"true\" class=\"wp-block-spacer\"><\/div>\n\n\n\n<p>Localisez une paroisse catholique pr\u00e8s de chez vous parmi les 145 pr\u00e9sentes dans le Morbihan. Gr\u00e2ce \u00e0 cet outil propos\u00e9 par le dioc\u00e8se de Vannes, acc\u00e9dez facilement aux coordonn\u00e9es des paroisses alentour : consulter les horaires des messes, rencontrer un pr\u00eatre, recevoir un sacrement ou d\u00e9couvrir les \u00e9v\u00e9nements organis\u00e9s dans votre r\u00e9gion.<\/p>\n\n\n\n<div style=\"height:20px\" aria-hidden=\"true\" class=\"wp-block-spacer\"><\/div>\n\n\n\n<figure class=\"wp-block-image size-large\"><img loading=\"lazy\" decoding=\"async\" width=\"1024\" height=\"755\" src=\"http:\/\/par56-demo1.fr\/paroisses\/wp-content\/uploads\/sites\/3\/2025\/06\/20240827-Carte-du-diocese-2000px-1024x755.jpg\" alt=\"carte du dioc\u00e8se de Vannes\" class=\"wp-image-19\" srcset=\"https:\/\/par56-demo1.fr\/paroisses\/wp-content\/uploads\/sites\/3\/2025\/06\/20240827-Carte-du-diocese-2000px-1024x755.jpg 1024w, https:\/\/par56-demo1.fr\/paroisses\/wp-content\/uploads\/sites\/3\/2025\/06\/20240827-Carte-du-diocese-2000px-300x221.jpg 300w, https:\/\/par56-demo1.fr\/paroisses\/wp-content\/uploads\/sites\/3\/2025\/06\/20240827-Carte-du-diocese-2000px-768x566.jpg 768w, https:\/\/par56-demo1.fr\/paroisses\/wp-content\/uploads\/sites\/3\/2025\/06\/20240827-Carte-du-diocese-2000px-1536x1132.jpg 1536w, https:\/\/par56-demo1.fr\/paroisses\/wp-content\/uploads\/sites\/3\/2025\/06\/20240827-Carte-du-diocese-2000px.jpg 2000w\" sizes=\"auto, (max-width: 1024px) 100vw, 1024px\" \/><\/figure>\n\n\n\n<div style=\"height:100px\" aria-hidden=\"true\" class=\"wp-block-spacer\"><\/div>\n\n\n\n<p><a href=\"https:\/\/par56-demo1.fr\/paroisses\/allaire\/\" data-type=\"page\" data-id=\"5\">Allaire<\/a> <a href=\"https:\/\/par56-demo1.fr\/paroisses\/ambon\/\" data-type=\"page\" data-id=\"8\">Ambon<\/a> <a href=\"https:\/\/par56-demo1.fr\/paroisses\/arradon\/\" data-type=\"page\" data-id=\"49\">Arradon<\/a> <a href=\"https:\/\/par56-demo1.fr\/paroisses\/arzal\/\" data-type=\"page\" data-id=\"58\">Arzal<\/a> <a href=\"https:\/\/par56-demo1.fr\/paroisses\/arzon\/\" data-type=\"page\" data-id=\"62\">Arzon<\/a> <a href=\"https:\/\/par56-demo1.fr\/paroisses\/augan\/\" data-type=\"page\" data-id=\"68\">Augan<\/a> <a href=\"https:\/\/par56-demo1.fr\/paroisses\/ensemble-paroissial-dauray\/\" data-type=\"page\" data-id=\"74\">Auray<\/a> <\/p>\n\n\n\n<p><a href=\"https:\/\/par56-demo1.fr\/paroisses\/baden\/\" data-type=\"page\" data-id=\"99\">Baden<\/a> <a href=\"https:\/\/par56-demo1.fr\/paroisses\/ensemble-paroissial-de-belle-ile\/\" data-type=\"link\" data-id=\"https:\/\/par56-demo1.fr\/paroisses\/ensemble-paroissial-de-belle-ile\/\">Belle-\u00eele<\/a><\/p>\n\n\n\n<div style=\"height:100px\" aria-hidden=\"true\" class=\"wp-block-spacer\"><\/div>\n\n\n\n<div class=\"wp-block-group has-global-padding is-layout-constrained wp-block-group-is-layout-constrained\">\n<figure class=\"wp-block-image aligncenter size-medium has-custom-border is-style-rounded\"><a href=\"https:\/\/par56-demo1.fr\/paroisses\/tag\/en-bord-de-mer\/\"><img loading=\"lazy\" decoding=\"async\" width=\"300\" height=\"200\" src=\"https:\/\/par56-demo1.fr\/paroisses\/wp-content\/uploads\/sites\/3\/2025\/08\/paroisses-morbihan-bord-de-mer-300x200.jpg\" alt=\"\" class=\"wp-image-88\" style=\"border-radius:20px\" srcset=\"https:\/\/par56-demo1.fr\/paroisses\/wp-content\/uploads\/sites\/3\/2025\/08\/paroisses-morbihan-bord-de-mer-300x200.jpg 300w, https:\/\/par56-demo1.fr\/paroisses\/wp-content\/uploads\/sites\/3\/2025\/08\/paroisses-morbihan-bord-de-mer-768x511.jpg 768w, https:\/\/par56-demo1.fr\/paroisses\/wp-content\/uploads\/sites\/3\/2025\/08\/paroisses-morbihan-bord-de-mer.jpg 1024w\" sizes=\"auto, (max-width: 300px) 100vw, 300px\" \/><\/a><\/figure>\n\n\n\n<p class=\"has-text-align-center\"><strong><a href=\"https:\/\/par56-demo1.fr\/paroisses\/tag\/en-bord-de-mer\/\">En bord de mer<\/a><\/strong><\/p>\n<\/div>\n","protected":false},"excerpt":{"rendered":"<p>Localisez une paroisse catholique pr\u00e8s de chez vous parmi les 145 pr\u00e9sentes dans le Morbihan. Gr\u00e2ce \u00e0 cet outil propos\u00e9 par le dioc\u00e8se de Vannes, acc\u00e9dez facilement aux coordonn\u00e9es des [&hellip;]<\/p>\n","protected":false},"author":1,"featured_media":0,"parent":0,"menu_order":0,"comment_status":"closed","ping_status":"closed","template":"","meta":{"_eb_attr":"","_EventAllDay":false,"_EventTimezone":"","_EventStartDate":"","_EventEndDate":"","_EventStartDateUTC":"","_EventEndDateUTC":"","_EventShowMap":false,"_EventShowMapLink":false,"_EventURL":"","_EventCost":"","_EventCostDescription":"","_EventCurrencySymbol":"","_EventCurrencyCode":"","_EventCurrencyPosition":"","_EventDateTimeSeparator":"","_EventTimeRangeSeparator":"","_EventOrganizerID":[],"_EventVenueID":[],"_OrganizerEmail":"","_OrganizerPhone":"","_OrganizerWebsite":"","_VenueAddress":"","_VenueCity":"","_VenueCountry":"","_VenueProvince":"","_VenueState":"","_VenueZip":"","_VenuePhone":"","_VenueURL":"","_VenueStateProvince":"","_VenueLat":"","_VenueLng":"","_VenueShowMap":false,"_VenueShowMapLink":false,"footnotes":""},"categories":[],"tags":[],"class_list":["post-12","page","type-page","status-publish","hentry"],"_links":{"self":[{"href":"https:\/\/par56-demo1.fr\/paroisses\/wp-json\/wp\/v2\/pages\/12","targetHints":{"allow":["GET"]}}],"collection":[{"href":"https:\/\/par56-demo1.fr\/paroisses\/wp-json\/wp\/v2\/pages"}],"about":[{"href":"https:\/\/par56-demo1.fr\/paroisses\/wp-json\/wp\/v2\/types\/page"}],"author":[{"embeddable":true,"href":"https:\/\/par56-demo1.fr\/paroisses\/wp-json\/wp\/v2\/users\/1"}],"replies":[{"embeddable":true,"href":"https:\/\/par56-demo1.fr\/paroisses\/wp-json\/wp\/v2\/comments?post=12"}],"version-history":[{"count":23,"href":"https:\/\/par56-demo1.fr\/paroisses\/wp-json\/wp\/v2\/pages\/12\/revisions"}],"predecessor-version":[{"id":113,"href":"https:\/\/par56-demo1.fr\/paroisses\/wp-json\/wp\/v2\/pages\/12\/revisions\/113"}],"wp:attachment":[{"href":"https:\/\/par56-demo1.fr\/paroisses\/wp-json\/wp\/v2\/media?parent=12"}],"wp:term":[{"taxonomy":"category","embeddable":true,"href":"https:\/\/par56-demo1.fr\/paroisses\/wp-json\/wp\/v2\/categories?post=12"},{"taxonomy":"post_tag","embeddable":true,"href":"https:\/\/par56-demo1.fr\/paroisses\/wp-json\/wp\/v2\/tags?post=12"}],"curies":[{"name":"wp","href":"https:\/\/api.w.org\/{rel}","templated":true}]}}