{"id":106,"date":"2025-09-09T08:33:13","date_gmt":"2025-09-09T08:33:13","guid":{"rendered":"https:\/\/par56-demo1.fr\/paroisses\/?page_id=106"},"modified":"2025-09-09T09:12:29","modified_gmt":"2025-09-09T09:12:29","slug":"ensemble-paroissial-de-belle-ile","status":"publish","type":"page","link":"https:\/\/par56-demo1.fr\/paroisses\/ensemble-paroissial-de-belle-ile\/","title":{"rendered":"Ensemble paroissial de Belle-\u00eele"},"content":{"rendered":"\n<p>\u00c9glises de Saint-G\u00e9rand, Nativit\u00e9 de la Sainte-Vierge, Saint-Nicolas, et Saint-Pierre et Saint-Paul<\/p>\n\n\n\n<div class=\"wp-block-buttons is-layout-flex wp-block-buttons-is-layout-flex\">\n<div class=\"wp-block-button\"><a class=\"wp-block-button__link has-background wp-element-button\" style=\"background-color:#1212127a\">Horaires des messes<\/a><\/div>\n<\/div>\n\n\n\n<p><a href=\"mailto:jeanbaptiste.debarmon@wanadoo.fr\" data-type=\"mailto\" data-id=\"mailto:presbytere.muzillac@gmail.com\">Contact<\/a><\/p>\n\n\n\n<p>Site web<\/p>\n\n\n\n<p><strong>Envie de suivre la vie de notre paroisse ?<\/strong> Rendez-vous sur notre site internet pour ne rien manquer. Bonne d\u00e9couverte ! Voir le site de la paroisse<\/p>\n\n\n\n<p><strong>L&rsquo;ensemble paroissial de Belle-\u00eele<\/strong> regroupe plusieurs clochers :<br>Le Palais-Belle-\u00eele<br>Locmaria<br>Sauzon<br>Bangor<\/p>\n\n\n\n<h2 class=\"wp-block-heading\">Coordonn\u00e9es<\/h2>\n\n\n\n<p>Impasse Sainte-Anne &#8211; BP 43 &#8211; 56360 LE PALAIS<br>T\u00e9l\u00e9phone : <a href=\"tel:0297313066\">02 97 31 30 66<\/a><br>Courriel : <a href=\"mailto:jeanbaptiste.debarmon@wanadoo.fr\">jeanbaptiste.debarmon@wanadoo.fr<\/a><\/p>\n","protected":false},"excerpt":{"rendered":"<p>\u00c9glises de Saint-G\u00e9rand, Nativit\u00e9 de la Sainte-Vierge, Saint-Nicolas, et Saint-Pierre et Saint-Paul Contact Site web Envie de suivre la vie de notre paroisse ? Rendez-vous sur notre site internet pour [&hellip;]<\/p>\n","protected":false},"author":1,"featured_media":110,"parent":0,"menu_order":0,"comment_status":"closed","ping_status":"closed","template":"","meta":{"_eb_attr":"","_EventAllDay":false,"_EventTimezone":"","_EventStartDate":"","_EventEndDate":"","_EventStartDateUTC":"","_EventEndDateUTC":"","_EventShowMap":false,"_EventShowMapLink":false,"_EventURL":"","_EventCost":"","_EventCostDescription":"","_EventCurrencySymbol":"","_EventCurrencyCode":"","_EventCurrencyPosition":"","_EventDateTimeSeparator":"","_EventTimeRangeSeparator":"","_EventOrganizerID":[],"_EventVenueID":[],"_OrganizerEmail":"","_OrganizerPhone":"","_OrganizerWebsite":"","_VenueAddress":"","_VenueCity":"","_VenueCountry":"","_VenueProvince":"","_VenueState":"","_VenueZip":"","_VenuePhone":"","_VenueURL":"","_VenueStateProvince":"","_VenueLat":"","_VenueLng":"","_VenueShowMap":false,"_VenueShowMapLink":false,"footnotes":""},"categories":[16],"tags":[17],"class_list":["post-106","page","type-page","status-publish","has-post-thumbnail","hentry","category-doyenne-de-carnac","tag-en-bord-de-mer"],"_links":{"self":[{"href":"https:\/\/par56-demo1.fr\/paroisses\/wp-json\/wp\/v2\/pages\/106","targetHints":{"allow":["GET"]}}],"collection":[{"href":"https:\/\/par56-demo1.fr\/paroisses\/wp-json\/wp\/v2\/pages"}],"about":[{"href":"https:\/\/par56-demo1.fr\/paroisses\/wp-json\/wp\/v2\/types\/page"}],"author":[{"embeddable":true,"href":"https:\/\/par56-demo1.fr\/paroisses\/wp-json\/wp\/v2\/users\/1"}],"replies":[{"embeddable":true,"href":"https:\/\/par56-demo1.fr\/paroisses\/wp-json\/wp\/v2\/comments?post=106"}],"version-history":[{"count":7,"href":"https:\/\/par56-demo1.fr\/paroisses\/wp-json\/wp\/v2\/pages\/106\/revisions"}],"predecessor-version":[{"id":116,"href":"https:\/\/par56-demo1.fr\/paroisses\/wp-json\/wp\/v2\/pages\/106\/revisions\/116"}],"wp:featuredmedia":[{"embeddable":true,"href":"https:\/\/par56-demo1.fr\/paroisses\/wp-json\/wp\/v2\/media\/110"}],"wp:attachment":[{"href":"https:\/\/par56-demo1.fr\/paroisses\/wp-json\/wp\/v2\/media?parent=106"}],"wp:term":[{"taxonomy":"category","embeddable":true,"href":"https:\/\/par56-demo1.fr\/paroisses\/wp-json\/wp\/v2\/categories?post=106"},{"taxonomy":"post_tag","embeddable":true,"href":"https:\/\/par56-demo1.fr\/paroisses\/wp-json\/wp\/v2\/tags?post=106"}],"curies":[{"name":"wp","href":"https:\/\/api.w.org\/{rel}","templated":true}]}}