{"id":24,"date":"2025-08-12T14:26:32","date_gmt":"2025-08-12T12:26:32","guid":{"rendered":"https:\/\/par56-demo1.fr\/famille\/?page_id=24"},"modified":"2025-08-12T14:28:12","modified_gmt":"2025-08-12T12:28:12","slug":"contact","status":"publish","type":"page","link":"https:\/\/par56-demo1.fr\/famille\/contact\/","title":{"rendered":"Contact"},"content":{"rendered":"\n<p><strong>Sophie LOCHE, d\u00e9l\u00e9gu\u00e9e dioc\u00e9saine<\/strong><br><a href=\"tel:0667074339\">06 67 07 43 39<\/a> &#8211; <a href=\"mailto:pastoralefamiliale@diocese-vannes.fr\">pastoralefamiliale@diocese-vannes.fr<\/a><\/p>\n\n\n\n<p><strong>Marie FEDRY, assistante<\/strong><br><a href=\"tel:0608374017\">06 08 37 40 17<\/a> &#8211; <a href=\"mailto:marie.fedry@diocese-vannes.fr\">marie.fedry@diocese-vannes.fr<\/a><\/p>\n\n\n\n<p><\/p>\n","protected":false},"excerpt":{"rendered":"<p>Sophie LOCHE, d\u00e9l\u00e9gu\u00e9e dioc\u00e9saine06 67 07 43 39 &#8211; pastoralefamiliale@diocese-vannes.fr Marie FEDRY, assistante06 08 37 40 17 &#8211; marie.fedry@diocese-vannes.fr<\/p>\n","protected":false},"author":1,"featured_media":0,"parent":0,"menu_order":0,"comment_status":"closed","ping_status":"closed","template":"","meta":{"_eb_attr":"","_EventAllDay":false,"_EventTimezone":"","_EventStartDate":"","_EventEndDate":"","_EventStartDateUTC":"","_EventEndDateUTC":"","_EventShowMap":false,"_EventShowMapLink":false,"_EventURL":"","_EventCost":"","_EventCostDescription":"","_EventCurrencySymbol":"","_EventCurrencyCode":"","_EventCurrencyPosition":"","_EventDateTimeSeparator":"","_EventTimeRangeSeparator":"","_EventOrganizerID":[],"_EventVenueID":[],"_OrganizerEmail":"","_OrganizerPhone":"","_OrganizerWebsite":"","_VenueAddress":"","_VenueCity":"","_VenueCountry":"","_VenueProvince":"","_VenueState":"","_VenueZip":"","_VenuePhone":"","_VenueURL":"","_VenueStateProvince":"","_VenueLat":"","_VenueLng":"","_VenueShowMap":false,"_VenueShowMapLink":false,"footnotes":""},"class_list":["post-24","page","type-page","status-publish","hentry"],"_links":{"self":[{"href":"https:\/\/par56-demo1.fr\/famille\/wp-json\/wp\/v2\/pages\/24","targetHints":{"allow":["GET"]}}],"collection":[{"href":"https:\/\/par56-demo1.fr\/famille\/wp-json\/wp\/v2\/pages"}],"about":[{"href":"https:\/\/par56-demo1.fr\/famille\/wp-json\/wp\/v2\/types\/page"}],"author":[{"embeddable":true,"href":"https:\/\/par56-demo1.fr\/famille\/wp-json\/wp\/v2\/users\/1"}],"replies":[{"embeddable":true,"href":"https:\/\/par56-demo1.fr\/famille\/wp-json\/wp\/v2\/comments?post=24"}],"version-history":[{"count":2,"href":"https:\/\/par56-demo1.fr\/famille\/wp-json\/wp\/v2\/pages\/24\/revisions"}],"predecessor-version":[{"id":27,"href":"https:\/\/par56-demo1.fr\/famille\/wp-json\/wp\/v2\/pages\/24\/revisions\/27"}],"wp:attachment":[{"href":"https:\/\/par56-demo1.fr\/famille\/wp-json\/wp\/v2\/media?parent=24"}],"curies":[{"name":"wp","href":"https:\/\/api.w.org\/{rel}","templated":true}]}}