{"id":31,"date":"2025-07-02T09:23:52","date_gmt":"2025-07-02T07:23:52","guid":{"rendered":"https:\/\/par56-demo1.fr\/chretiens-en-morbihan\/?page_id=31"},"modified":"2025-07-02T10:10:12","modified_gmt":"2025-07-02T08:10:12","slug":"extraits-gratuits","status":"publish","type":"page","link":"https:\/\/par56-demo1.fr\/chretiens-en-morbihan\/extraits-gratuits\/","title":{"rendered":"Extraits"},"content":{"rendered":"\n<p>Ces articles de <em>Chr\u00e9tiens en Morbihan<\/em> vous sont offerts en acc\u00e8s gratuit.<\/p>\n\n\n\n<div class=\"wp-block-buttons is-content-justification-center is-layout-flex wp-container-core-buttons-is-layout-a89b3969 wp-block-buttons-is-layout-flex\">\n<div class=\"wp-block-button\"><a class=\"wp-block-button__link has-text-align-center wp-element-button\" href=\"https:\/\/par56-demo1.fr\/chretiens-en-morbihan\/abonnement-chretiens-en-morbihan\/\">S&rsquo;abonner \u00e0 Chr\u00e9tiens en Morbihan<\/a><\/div>\n<\/div>\n\n\n\n<div style=\"height:10px\" aria-hidden=\"true\" class=\"wp-block-spacer\"><\/div>\n\n\n<ul class=\"wp-block-latest-posts__list is-grid columns-3 has-dates wp-block-latest-posts\"><li><div class=\"wp-block-latest-posts__featured-image aligncenter\"><a href=\"https:\/\/par56-demo1.fr\/chretiens-en-morbihan\/150eme-pelerinage-diocesain-a-lourdes\/\" aria-label=\"150\u00e8me p\u00e8lerinage dioc\u00e9sain \u00e0 Lourdes\"><img loading=\"lazy\" decoding=\"async\" width=\"300\" height=\"151\" src=\"https:\/\/par56-demo1.fr\/chretiens-en-morbihan\/wp-content\/uploads\/sites\/5\/2025\/07\/CEM-actu-150e-pelerinage-lourdes-300x151.jpg\" class=\"attachment-medium size-medium wp-post-image\" alt=\"\" style=\"\" srcset=\"https:\/\/par56-demo1.fr\/chretiens-en-morbihan\/wp-content\/uploads\/sites\/5\/2025\/07\/CEM-actu-150e-pelerinage-lourdes-300x151.jpg 300w, https:\/\/par56-demo1.fr\/chretiens-en-morbihan\/wp-content\/uploads\/sites\/5\/2025\/07\/CEM-actu-150e-pelerinage-lourdes-1024x515.jpg 1024w, https:\/\/par56-demo1.fr\/chretiens-en-morbihan\/wp-content\/uploads\/sites\/5\/2025\/07\/CEM-actu-150e-pelerinage-lourdes-768x387.jpg 768w, https:\/\/par56-demo1.fr\/chretiens-en-morbihan\/wp-content\/uploads\/sites\/5\/2025\/07\/CEM-actu-150e-pelerinage-lourdes.jpg 1500w\" sizes=\"auto, (max-width: 300px) 100vw, 300px\" \/><\/a><\/div><a class=\"wp-block-latest-posts__post-title\" href=\"https:\/\/par56-demo1.fr\/chretiens-en-morbihan\/150eme-pelerinage-diocesain-a-lourdes\/\">150\u00e8me p\u00e8lerinage dioc\u00e9sain \u00e0 Lourdes<\/a><time datetime=\"2025-07-02T10:03:26+02:00\" class=\"wp-block-latest-posts__post-date\">2 juillet 2025<\/time><div class=\"wp-block-latest-posts__post-excerpt\">Du 19 au 25 mai, Monseigneur Cent\u00e8ne et 940 p\u00e8lerins ont particip\u00e9 au 150\u00e8me p\u00e8lerinage de notre dioc\u00e8se \u00e0 Lourdes.\u2026 <a class=\"wp-block-latest-posts__read-more\" href=\"https:\/\/par56-demo1.fr\/chretiens-en-morbihan\/150eme-pelerinage-diocesain-a-lourdes\/\" rel=\"noopener noreferrer\">Lire la suite<span class=\"screen-reader-text\">\u00a0: 150\u00e8me p\u00e8lerinage dioc\u00e9sain \u00e0 Lourdes<\/span><\/a><\/div><\/li>\n<li><div class=\"wp-block-latest-posts__featured-image aligncenter\"><a href=\"https:\/\/par56-demo1.fr\/chretiens-en-morbihan\/venez-nombreux-repondre-a-l-appel-de-sainte-anne\/\" aria-label=\"Venez nombreux r\u00e9pondre \u00e0 l\u2019appel de sainte Anne !\"><img loading=\"lazy\" decoding=\"async\" width=\"300\" height=\"188\" src=\"https:\/\/par56-demo1.fr\/chretiens-en-morbihan\/wp-content\/uploads\/sites\/5\/2025\/07\/CEM-actu-edito-eveque-300x188.jpg\" class=\"attachment-medium size-medium wp-post-image\" alt=\"Raymond Cent\u00e8ne \u00e9v\u00eaque de Vannes\" style=\"\" srcset=\"https:\/\/par56-demo1.fr\/chretiens-en-morbihan\/wp-content\/uploads\/sites\/5\/2025\/07\/CEM-actu-edito-eveque-300x188.jpg 300w, https:\/\/par56-demo1.fr\/chretiens-en-morbihan\/wp-content\/uploads\/sites\/5\/2025\/07\/CEM-actu-edito-eveque-768x480.jpg 768w, https:\/\/par56-demo1.fr\/chretiens-en-morbihan\/wp-content\/uploads\/sites\/5\/2025\/07\/CEM-actu-edito-eveque.jpg 960w\" sizes=\"auto, (max-width: 300px) 100vw, 300px\" \/><\/a><\/div><a class=\"wp-block-latest-posts__post-title\" href=\"https:\/\/par56-demo1.fr\/chretiens-en-morbihan\/venez-nombreux-repondre-a-l-appel-de-sainte-anne\/\">Venez nombreux r\u00e9pondre \u00e0 l\u2019appel de sainte Anne !<\/a><time datetime=\"2025-07-02T10:02:17+02:00\" class=\"wp-block-latest-posts__post-date\">2 juillet 2025<\/time><div class=\"wp-block-latest-posts__post-excerpt\">Le Grand Pardon du 26 juillet marquera le point d\u2019orgue de trois ann\u00e9es jubilaires consacr\u00e9es \u00e0 comm\u00e9morer le 4\u1d49 centenaire\u2026 <a class=\"wp-block-latest-posts__read-more\" href=\"https:\/\/par56-demo1.fr\/chretiens-en-morbihan\/venez-nombreux-repondre-a-l-appel-de-sainte-anne\/\" rel=\"noopener noreferrer\">Lire la suite<span class=\"screen-reader-text\">\u00a0: Venez nombreux r\u00e9pondre \u00e0 l\u2019appel de sainte Anne !<\/span><\/a><\/div><\/li>\n<li><div class=\"wp-block-latest-posts__featured-image aligncenter\"><a href=\"https:\/\/par56-demo1.fr\/chretiens-en-morbihan\/journee-in-albis-des-neophytes\/\" aria-label=\"Journ\u00e9e in albis des n\u00e9ophytes\"><img loading=\"lazy\" decoding=\"async\" width=\"300\" height=\"173\" src=\"https:\/\/par56-demo1.fr\/chretiens-en-morbihan\/wp-content\/uploads\/sites\/5\/2025\/07\/CEM-actu-journee-neophytes-300x173.jpg\" class=\"attachment-medium size-medium wp-post-image\" alt=\"\" style=\"\" srcset=\"https:\/\/par56-demo1.fr\/chretiens-en-morbihan\/wp-content\/uploads\/sites\/5\/2025\/07\/CEM-actu-journee-neophytes-300x173.jpg 300w, https:\/\/par56-demo1.fr\/chretiens-en-morbihan\/wp-content\/uploads\/sites\/5\/2025\/07\/CEM-actu-journee-neophytes-1024x591.jpg 1024w, https:\/\/par56-demo1.fr\/chretiens-en-morbihan\/wp-content\/uploads\/sites\/5\/2025\/07\/CEM-actu-journee-neophytes-768x443.jpg 768w, https:\/\/par56-demo1.fr\/chretiens-en-morbihan\/wp-content\/uploads\/sites\/5\/2025\/07\/CEM-actu-journee-neophytes.jpg 1500w\" sizes=\"auto, (max-width: 300px) 100vw, 300px\" \/><\/a><\/div><a class=\"wp-block-latest-posts__post-title\" href=\"https:\/\/par56-demo1.fr\/chretiens-en-morbihan\/journee-in-albis-des-neophytes\/\">Journ\u00e9e in albis des n\u00e9ophytes<\/a><time datetime=\"2025-07-02T10:00:56+02:00\" class=\"wp-block-latest-posts__post-date\">2 juillet 2025<\/time><div class=\"wp-block-latest-posts__post-excerpt\">Le 27 avril, les nouveaux baptis\u00e9s de P\u00e2ques \u00e9taient invit\u00e9s \u00e0 Plo\u00ebrmel, avec leurs accompagnateurs et notre \u00e9v\u00eaque, pour une\u2026 <a class=\"wp-block-latest-posts__read-more\" href=\"https:\/\/par56-demo1.fr\/chretiens-en-morbihan\/journee-in-albis-des-neophytes\/\" rel=\"noopener noreferrer\">Lire la suite<span class=\"screen-reader-text\">\u00a0: Journ\u00e9e in albis des n\u00e9ophytes<\/span><\/a><\/div><\/li>\n<\/ul>","protected":false},"excerpt":{"rendered":"<p>Ces articles de Chr\u00e9tiens en Morbihan vous sont offerts en acc\u00e8s gratuit.<\/p>\n","protected":false},"author":1,"featured_media":0,"parent":0,"menu_order":0,"comment_status":"closed","ping_status":"closed","template":"","meta":{"_eb_attr":"","_EventAllDay":false,"_EventTimezone":"","_EventStartDate":"","_EventEndDate":"","_EventStartDateUTC":"","_EventEndDateUTC":"","_EventShowMap":false,"_EventShowMapLink":false,"_EventURL":"","_EventCost":"","_EventCostDescription":"","_EventCurrencySymbol":"","_EventCurrencyCode":"","_EventCurrencyPosition":"","_EventDateTimeSeparator":"","_EventTimeRangeSeparator":"","_EventOrganizerID":[],"_EventVenueID":[],"_OrganizerEmail":"","_OrganizerPhone":"","_OrganizerWebsite":"","_VenueAddress":"","_VenueCity":"","_VenueCountry":"","_VenueProvince":"","_VenueState":"","_VenueZip":"","_VenuePhone":"","_VenueURL":"","_VenueStateProvince":"","_VenueLat":"","_VenueLng":"","_VenueShowMap":false,"_VenueShowMapLink":false,"footnotes":""},"class_list":["post-31","page","type-page","status-publish","hentry"],"_links":{"self":[{"href":"https:\/\/par56-demo1.fr\/chretiens-en-morbihan\/wp-json\/wp\/v2\/pages\/31","targetHints":{"allow":["GET"]}}],"collection":[{"href":"https:\/\/par56-demo1.fr\/chretiens-en-morbihan\/wp-json\/wp\/v2\/pages"}],"about":[{"href":"https:\/\/par56-demo1.fr\/chretiens-en-morbihan\/wp-json\/wp\/v2\/types\/page"}],"author":[{"embeddable":true,"href":"https:\/\/par56-demo1.fr\/chretiens-en-morbihan\/wp-json\/wp\/v2\/users\/1"}],"replies":[{"embeddable":true,"href":"https:\/\/par56-demo1.fr\/chretiens-en-morbihan\/wp-json\/wp\/v2\/comments?post=31"}],"version-history":[{"count":12,"href":"https:\/\/par56-demo1.fr\/chretiens-en-morbihan\/wp-json\/wp\/v2\/pages\/31\/revisions"}],"predecessor-version":[{"id":77,"href":"https:\/\/par56-demo1.fr\/chretiens-en-morbihan\/wp-json\/wp\/v2\/pages\/31\/revisions\/77"}],"wp:attachment":[{"href":"https:\/\/par56-demo1.fr\/chretiens-en-morbihan\/wp-json\/wp\/v2\/media?parent=31"}],"curies":[{"name":"wp","href":"https:\/\/api.w.org\/{rel}","templated":true}]}}