{"id":15,"date":"2025-07-02T09:00:56","date_gmt":"2025-07-02T07:00:56","guid":{"rendered":"https:\/\/par56-demo1.fr\/chretiens-en-morbihan\/?page_id=15"},"modified":"2026-04-02T11:09:49","modified_gmt":"2026-04-02T09:09:49","slug":"chretiens-en-morbihan-la-revue-du-diocese-de-vannes","status":"publish","type":"page","link":"https:\/\/par56-demo1.fr\/chretiens-en-morbihan\/","title":{"rendered":"Chr\u00e9tiens en Morbihan, la revue du dioc\u00e8se de Vannes"},"content":{"rendered":"\n<div class=\"wp-block-columns is-style-default is-layout-flex wp-container-core-columns-is-layout-28f84493 wp-block-columns-is-layout-flex\">\n<div class=\"wp-block-column is-vertically-aligned-center is-layout-flow wp-block-column-is-layout-flow\"><\/div>\n\n\n\n<div class=\"wp-block-column is-vertically-aligned-center is-layout-flow wp-block-column-is-layout-flow\"><\/div>\n<\/div>\n\n\n\n<div class=\"wp-block-group is-horizontal is-content-justification-center is-nowrap is-layout-flex wp-container-core-group-is-layout-f24223ec wp-block-group-is-layout-flex\">\n<figure data-wp-context=\"{&quot;imageId&quot;:&quot;69dc2f5b25f9d&quot;}\" data-wp-interactive=\"core\/image\" data-wp-key=\"69dc2f5b25f9d\" class=\"wp-block-image aligncenter size-medium is-resized wp-lightbox-container\"><img loading=\"lazy\" decoding=\"async\" width=\"212\" height=\"300\" data-wp-class--hide=\"state.isContentHidden\" data-wp-class--show=\"state.isContentVisible\" data-wp-init=\"callbacks.setButtonStyles\" data-wp-on--click=\"actions.showLightbox\" data-wp-on--load=\"callbacks.setButtonStyles\" data-wp-on-window--resize=\"callbacks.setButtonStyles\" src=\"https:\/\/par56-demo1.fr\/chretiens-en-morbihan\/wp-content\/uploads\/sites\/5\/2026\/04\/Une-1557-212x300.png\" alt=\"\" class=\"wp-image-98\" style=\"aspect-ratio:0.7069460277526632;width:170px;height:auto\" srcset=\"https:\/\/par56-demo1.fr\/chretiens-en-morbihan\/wp-content\/uploads\/sites\/5\/2026\/04\/Une-1557-212x300.png 212w, https:\/\/par56-demo1.fr\/chretiens-en-morbihan\/wp-content\/uploads\/sites\/5\/2026\/04\/Une-1557.png 591w\" sizes=\"auto, (max-width: 212px) 100vw, 212px\" \/><button\n\t\t\tclass=\"lightbox-trigger\"\n\t\t\ttype=\"button\"\n\t\t\taria-haspopup=\"dialog\"\n\t\t\taria-label=\"Agrandir\"\n\t\t\tdata-wp-init=\"callbacks.initTriggerButton\"\n\t\t\tdata-wp-on--click=\"actions.showLightbox\"\n\t\t\tdata-wp-style--right=\"state.imageButtonRight\"\n\t\t\tdata-wp-style--top=\"state.imageButtonTop\"\n\t\t>\n\t\t\t<svg xmlns=\"http:\/\/www.w3.org\/2000\/svg\" width=\"12\" height=\"12\" fill=\"none\" viewBox=\"0 0 12 12\">\n\t\t\t\t<path fill=\"#fff\" d=\"M2 0a2 2 0 0 0-2 2v2h1.5V2a.5.5 0 0 1 .5-.5h2V0H2Zm2 10.5H2a.5.5 0 0 1-.5-.5V8H0v2a2 2 0 0 0 2 2h2v-1.5ZM8 12v-1.5h2a.5.5 0 0 0 .5-.5V8H12v2a2 2 0 0 1-2 2H8Zm2-12a2 2 0 0 1 2 2v2h-1.5V2a.5.5 0 0 0-.5-.5H8V0h2Z\" \/>\n\t\t\t<\/svg>\n\t\t<\/button><\/figure>\n\n\n\n<p class=\"has-text-align-center\">La revue dioc\u00e9saine d\u2019avril 2026,\u00a0<em>Chr\u00e9tiens en Morbihan<\/em> n\u00b01557,\u00a0est parue. \u00c0 quelques jours de P\u00e2ques, retour sur l\u2019appel d\u00e9cisif et les scrutins des cat\u00e9chum\u00e8nes, \u00ab\u00a0appel\u00e9s \u00e0 rena\u00eetre du bapt\u00eame\u00a0\u00bb. Retrouvez aussi toute l\u2019actualit\u00e9 de notre dioc\u00e8se et vos rubriques habituelles.<\/p>\n<\/div>\n\n\n\n<div style=\"height:20px\" aria-hidden=\"true\" class=\"wp-block-spacer\"><\/div>\n\n\n\n<div class=\"wp-block-buttons is-content-justification-center is-layout-flex wp-container-core-buttons-is-layout-a89b3969 wp-block-buttons-is-layout-flex\">\n<div class=\"wp-block-button\"><a class=\"wp-block-button__link wp-element-button\" href=\"https:\/\/par56-demo1.fr\/chretiens-en-morbihan\/extraits-gratuits\/\">Consulter les extraits gratuits<\/a><\/div>\n<\/div>\n\n\n\n<div style=\"height:20px\" aria-hidden=\"true\" class=\"wp-block-spacer\"><\/div>\n","protected":false},"excerpt":{"rendered":"<p>La revue dioc\u00e9saine d\u2019avril 2026,\u00a0Chr\u00e9tiens en Morbihan n\u00b01557,\u00a0est parue. \u00c0 quelques jours de P\u00e2ques, retour sur l\u2019appel d\u00e9cisif et les scrutins des cat\u00e9chum\u00e8nes, \u00ab\u00a0appel\u00e9s \u00e0 rena\u00eetre du bapt\u00eame\u00a0\u00bb. Retrouvez aussi [&hellip;]<\/p>\n","protected":false},"author":1,"featured_media":0,"parent":0,"menu_order":0,"comment_status":"closed","ping_status":"closed","template":"","meta":{"_eb_attr":"","_EventAllDay":false,"_EventTimezone":"","_EventStartDate":"","_EventEndDate":"","_EventStartDateUTC":"","_EventEndDateUTC":"","_EventShowMap":false,"_EventShowMapLink":false,"_EventURL":"","_EventCost":"","_EventCostDescription":"","_EventCurrencySymbol":"","_EventCurrencyCode":"","_EventCurrencyPosition":"","_EventDateTimeSeparator":"","_EventTimeRangeSeparator":"","_EventOrganizerID":[],"_EventVenueID":[],"_OrganizerEmail":"","_OrganizerPhone":"","_OrganizerWebsite":"","_VenueAddress":"","_VenueCity":"","_VenueCountry":"","_VenueProvince":"","_VenueState":"","_VenueZip":"","_VenuePhone":"","_VenueURL":"","_VenueStateProvince":"","_VenueLat":"","_VenueLng":"","_VenueShowMap":false,"_VenueShowMapLink":false,"footnotes":""},"class_list":["post-15","page","type-page","status-publish","hentry"],"_links":{"self":[{"href":"https:\/\/par56-demo1.fr\/chretiens-en-morbihan\/wp-json\/wp\/v2\/pages\/15","targetHints":{"allow":["GET"]}}],"collection":[{"href":"https:\/\/par56-demo1.fr\/chretiens-en-morbihan\/wp-json\/wp\/v2\/pages"}],"about":[{"href":"https:\/\/par56-demo1.fr\/chretiens-en-morbihan\/wp-json\/wp\/v2\/types\/page"}],"author":[{"embeddable":true,"href":"https:\/\/par56-demo1.fr\/chretiens-en-morbihan\/wp-json\/wp\/v2\/users\/1"}],"replies":[{"embeddable":true,"href":"https:\/\/par56-demo1.fr\/chretiens-en-morbihan\/wp-json\/wp\/v2\/comments?post=15"}],"version-history":[{"count":13,"href":"https:\/\/par56-demo1.fr\/chretiens-en-morbihan\/wp-json\/wp\/v2\/pages\/15\/revisions"}],"predecessor-version":[{"id":102,"href":"https:\/\/par56-demo1.fr\/chretiens-en-morbihan\/wp-json\/wp\/v2\/pages\/15\/revisions\/102"}],"wp:attachment":[{"href":"https:\/\/par56-demo1.fr\/chretiens-en-morbihan\/wp-json\/wp\/v2\/media?parent=15"}],"curies":[{"name":"wp","href":"https:\/\/api.w.org\/{rel}","templated":true}]}}