{"id":13,"date":"2025-07-02T08:57:42","date_gmt":"2025-07-02T06:57:42","guid":{"rendered":"https:\/\/par56-demo1.fr\/chretiens-en-morbihan\/?page_id=13"},"modified":"2025-07-02T09:18:58","modified_gmt":"2025-07-02T07:18:58","slug":"abonnement-chretiens-en-morbihan","status":"publish","type":"page","link":"https:\/\/par56-demo1.fr\/chretiens-en-morbihan\/abonnement-chretiens-en-morbihan\/","title":{"rendered":"S&rsquo;abonner \u00e0 Chr\u00e9tiens en Morbihan"},"content":{"rendered":"\n<p>S\u2019abonner, c\u2019est soutenir la revue dioc\u00e9saine et participer \u00e0 la communion de notre \u00c9glise locale. Des tarifs d\u00e9gressifs sont propos\u00e9s \u00e0 partir de 10 abonnements conjoints, et m\u00eame au-del\u00e0 de 100, pour des abonnements paroissiaux. <\/p>\n","protected":false},"excerpt":{"rendered":"<p>S\u2019abonner, c\u2019est soutenir la revue dioc\u00e9saine et participer \u00e0 la communion de notre \u00c9glise locale. Des tarifs d\u00e9gressifs sont propos\u00e9s \u00e0 partir de 10 abonnements conjoints, et m\u00eame au-del\u00e0 de [&hellip;]<\/p>\n","protected":false},"author":1,"featured_media":0,"parent":0,"menu_order":0,"comment_status":"closed","ping_status":"closed","template":"","meta":{"_eb_attr":"","_EventAllDay":false,"_EventTimezone":"","_EventStartDate":"","_EventEndDate":"","_EventStartDateUTC":"","_EventEndDateUTC":"","_EventShowMap":false,"_EventShowMapLink":false,"_EventURL":"","_EventCost":"","_EventCostDescription":"","_EventCurrencySymbol":"","_EventCurrencyCode":"","_EventCurrencyPosition":"","_EventDateTimeSeparator":"","_EventTimeRangeSeparator":"","_EventOrganizerID":[],"_EventVenueID":[],"_OrganizerEmail":"","_OrganizerPhone":"","_OrganizerWebsite":"","_VenueAddress":"","_VenueCity":"","_VenueCountry":"","_VenueProvince":"","_VenueState":"","_VenueZip":"","_VenuePhone":"","_VenueURL":"","_VenueStateProvince":"","_VenueLat":"","_VenueLng":"","_VenueShowMap":false,"_VenueShowMapLink":false,"footnotes":""},"class_list":["post-13","page","type-page","status-publish","hentry"],"_links":{"self":[{"href":"https:\/\/par56-demo1.fr\/chretiens-en-morbihan\/wp-json\/wp\/v2\/pages\/13","targetHints":{"allow":["GET"]}}],"collection":[{"href":"https:\/\/par56-demo1.fr\/chretiens-en-morbihan\/wp-json\/wp\/v2\/pages"}],"about":[{"href":"https:\/\/par56-demo1.fr\/chretiens-en-morbihan\/wp-json\/wp\/v2\/types\/page"}],"author":[{"embeddable":true,"href":"https:\/\/par56-demo1.fr\/chretiens-en-morbihan\/wp-json\/wp\/v2\/users\/1"}],"replies":[{"embeddable":true,"href":"https:\/\/par56-demo1.fr\/chretiens-en-morbihan\/wp-json\/wp\/v2\/comments?post=13"}],"version-history":[{"count":2,"href":"https:\/\/par56-demo1.fr\/chretiens-en-morbihan\/wp-json\/wp\/v2\/pages\/13\/revisions"}],"predecessor-version":[{"id":24,"href":"https:\/\/par56-demo1.fr\/chretiens-en-morbihan\/wp-json\/wp\/v2\/pages\/13\/revisions\/24"}],"wp:attachment":[{"href":"https:\/\/par56-demo1.fr\/chretiens-en-morbihan\/wp-json\/wp\/v2\/media?parent=13"}],"curies":[{"name":"wp","href":"https:\/\/api.w.org\/{rel}","templated":true}]}}