{"id":52,"date":"2025-12-02T18:15:26","date_gmt":"2025-12-02T17:15:26","guid":{"rendered":"https:\/\/par56-demo1.fr\/archives-diocesaines\/?page_id=52"},"modified":"2025-12-02T18:28:53","modified_gmt":"2025-12-02T17:28:53","slug":"recherches-genealogiques-archives-diocesaines-vannes-morbihan","status":"publish","type":"page","link":"https:\/\/par56-demo1.fr\/archives-diocesaines\/recherches-genealogiques-archives-diocesaines-vannes-morbihan\/","title":{"rendered":"Recherches g\u00e9n\u00e9alogiques"},"content":{"rendered":"\n<div style=\"height:20px\" aria-hidden=\"true\" class=\"wp-block-spacer\"><\/div>\n\n\n\n<h2 class=\"wp-block-heading\">Les documents utiles conserv\u00e9s aux Archives dioc\u00e9saines, et ailleurs<\/h2>\n\n\n\n<p>Ce que nous conservons :<\/p>\n\n\n\n<ul class=\"wp-block-list\">\n<li>des informations sur le parcours des pr\u00eatres dioc\u00e9sains : fiches de carri\u00e8re (pas de photographies).<\/li>\n\n\n\n<li>des documents sur les Petits S\u00e9minaires de Sainte-Anne-d\u2019Auray et de Plo\u00ebrmel, ainsi que le Grand S\u00e9minaire de Vannes.<\/li>\n\n\n\n<li>les registres paroissiaux.<\/li>\n\n\n\n<li>le bulletin dioc\u00e9sain depuis sa cr\u00e9ation en 1868.<\/li>\n<\/ul>\n\n\n\n<p>Certains types de documents ne se trouvent pas dans nos fonds, mais au sein d\u2019autres organismes.<\/p>\n\n\n\n<figure class=\"wp-block-table is-style-regular\" style=\"font-size:clamp(14px, 0.875rem + ((1vw - 3.2px) * 0.098), 15px);\"><table><tbody><tr><td><strong>Documents que nous ne conservons pas<\/strong><\/td><td><strong>Qui contacter ?<\/strong><\/td><\/tr><tr><td>Archives ant\u00e9rieures \u00e0 1802<\/td><td>Les Archives d\u00e9partementales : <a href=\"https:\/\/patrimoines-archives.morbihan.fr\/rechercher\/archives\" target=\"_blank\" rel=\"noreferrer noopener\">ressources en ligne<\/a><\/td><\/tr><tr><td>Religieux et religieuses : <br>listes nominatives, photographies, dossiers et documents personnels<\/td><td>La congr\u00e9gation religieuse concern\u00e9e : voir <a href=\"https:\/\/www.aaef-asso.fr\/annuairedesarchives\" target=\"_blank\" rel=\"noreferrer noopener nofollow\">l&rsquo;annuaire des services d&rsquo;archives religieuses<\/a><\/td><\/tr><tr><td>Instituteurs et \u00e9l\u00e8ves des \u00e9coles libres : <br>listes nominatives, photographies, parcours professionnels, dossiers et r\u00e9sultats scolaires<\/td><td>L&rsquo;\u00e9cole concern\u00e9e ; les Archives municipales de la commune<\/td><\/tr><\/tbody><\/table><\/figure>\n\n\n\n<div style=\"height:20px\" aria-hidden=\"true\" class=\"wp-block-spacer\"><\/div>\n\n\n\n<h2 class=\"wp-block-heading\">Les actes de bapt\u00eame, mariage et s\u00e9pulture<\/h2>\n\n\n\n<p>Les actes de catholicit\u00e9 inscrits dans les registres paroissiaux constituent une trace de la vie familiale pass\u00e9e.<\/p>\n\n\n\n<p>Pour autant, ce sont des actes priv\u00e9s qui rev\u00eatent un caract\u00e8re confidentiel ; de ce fait, les informations contenues dans ces actes ne peuvent donc \u00eatre d\u00e9livr\u00e9es qu\u2019aux personnes concern\u00e9es ou \u00e0 leurs ayants-droits justifiant de leur filiation.<\/p>\n\n\n\n<div style=\"height:20px\" aria-hidden=\"true\" class=\"wp-block-spacer\"><\/div>\n\n\n\n<h2 class=\"wp-block-heading\">Modalit\u00e9s de communication<\/h2>\n\n\n\n<p>Les registres paroissiaux ne sont pas directement consultables.<\/p>\n\n\n\n<p>Les actes qui y sont r\u00e9pertori\u00e9s sont communicables, dans la <strong>limite d&rsquo;un d\u00e9lai de 100 ans pour les bapt\u00eames et mariages<\/strong> (sans d\u00e9lai pour les actes de s\u00e9pulture). <\/p>\n\n\n\n<p>Les demandes concernant des actes de bapt\u00eame ou mariage de moins de 100 ans ne pourront pas \u00eatre trait\u00e9es.<br><br>Si la demande porte sur un certificat de bapt\u00eame en vue d&rsquo;une confirmation ou d&rsquo;un mariage, ou encore pour \u00eatre parrain ou marraine lors d&rsquo;un bapt\u00eame, il faut s&rsquo;adresser au service des Archives administratives, par t\u00e9l\u00e9phone au <a href=\"tel:0297683060\">02 97 68 30 60<\/a>, ou par mail : <a href=\"mailto:archives.administratives@diocese-vannes.fr\" target=\"_blank\" rel=\"noreferrer noopener\">archives.administratives@diocese-vannes.fr<\/a><\/p>\n\n\n\n<div style=\"height:20px\" aria-hidden=\"true\" class=\"wp-block-spacer\"><\/div>\n\n\n\n<h2 class=\"wp-block-heading\">La d\u00e9marche \u00e0 suivre<\/h2>\n\n\n\n<p><em>Les demandes d&rsquo;actes de catholicit\u00e9 se font uniquement par courrier.<\/em><br><em>La recherche est effectu\u00e9e directement par le service des Archives. Toutefois, l&rsquo;\u00c9v\u00each\u00e9 n&rsquo;est pas \u00e9quip\u00e9 pour traiter le nombre sans cesse croissant de demandes g\u00e9n\u00e9alogiques. De ce fait, les d\u00e9lais de traitement peuvent \u00eatre longs. Le service invite par ailleurs les chercheurs \u00e0 participer aux frais de fonctionnement.<\/em><\/p>\n\n\n\n<p>Un formulaire de demande est \u00e0 t\u00e9l\u00e9charger ci-dessous pour chaque type d&rsquo;acte demand\u00e9.<\/p>\n\n\n\n<ol class=\"wp-block-list\">\n<li>Clic-droit pour l&rsquo;enregistrer sur votre ordinateur,<\/li>\n\n\n\n<li>Le remplir \u00e9lectroniquement,<\/li>\n\n\n\n<li>L&rsquo;imprimer, dater et signer,<\/li>\n\n\n\n<li>L&rsquo;envoyer, accompagn\u00e9 de votre contribution financi\u00e8re et d&rsquo;une enveloppe pr\u00e9-timbr\u00e9e pour la r\u00e9ponse, \u00e0 l&rsquo;adresse suivante :<br>Archives historiques \u2013 \u00c9v\u00each\u00e9 \u2013 14 rue de l&rsquo;\u00c9v\u00each\u00e9 \u2013 CS 82003 \u2013 56001 Vannes cedex.<\/li>\n<\/ol>\n\n\n\n<div class=\"wp-block-buttons is-content-justification-center is-layout-flex wp-container-core-buttons-is-layout-a89b3969 wp-block-buttons-is-layout-flex\">\n<div class=\"wp-block-button\"><a class=\"wp-block-button__link has-background has-text-align-center wp-element-button\" href=\"http:\/\/par56-demo1.fr\/archives-diocesaines\/wp-content\/uploads\/sites\/7\/2025\/12\/Acte-bapteme_formulaire-1.pdf\" style=\"background-color:#b05128\">T\u00e9l\u00e9charger le formulaire de demande d&rsquo;acte de bapt\u00eame<\/a><\/div>\n<\/div>\n\n\n\n<div class=\"wp-block-buttons is-content-justification-center is-layout-flex wp-container-core-buttons-is-layout-a89b3969 wp-block-buttons-is-layout-flex\">\n<div class=\"wp-block-button\"><a class=\"wp-block-button__link has-background has-text-align-center wp-element-button\" href=\"http:\/\/par56-demo1.fr\/archives-diocesaines\/wp-content\/uploads\/sites\/7\/2025\/12\/Acte-mariage_formulaire-1.pdf\" style=\"background-color:#b05128\">T\u00e9l\u00e9charger le formulaire de demande d&rsquo;acte de mariage<\/a><\/div>\n<\/div>\n\n\n\n<div class=\"wp-block-buttons is-content-justification-center is-layout-flex wp-container-core-buttons-is-layout-a89b3969 wp-block-buttons-is-layout-flex\">\n<div class=\"wp-block-button\"><a class=\"wp-block-button__link has-background has-text-align-center wp-element-button\" href=\"http:\/\/par56-demo1.fr\/archives-diocesaines\/wp-content\/uploads\/sites\/7\/2025\/12\/Acte-sepulture_formulaire.pdf\" style=\"background-color:#b05128\">T\u00e9l\u00e9charger le formulaire de demande d&rsquo;acte de s\u00e9pulture<\/a><\/div>\n<\/div>\n\n\n\n<p><\/p>\n","protected":false},"excerpt":{"rendered":"<p>Les documents utiles conserv\u00e9s aux Archives dioc\u00e9saines, et ailleurs Ce que nous conservons : Certains types de documents ne se trouvent pas dans nos fonds, mais au sein d\u2019autres organismes. [&hellip;]<\/p>\n","protected":false},"author":1,"featured_media":55,"parent":0,"menu_order":0,"comment_status":"closed","ping_status":"closed","template":"","meta":{"_eb_attr":"","_EventAllDay":false,"_EventTimezone":"","_EventStartDate":"","_EventEndDate":"","_EventStartDateUTC":"","_EventEndDateUTC":"","_EventShowMap":false,"_EventShowMapLink":false,"_EventURL":"","_EventCost":"","_EventCostDescription":"","_EventCurrencySymbol":"","_EventCurrencyCode":"","_EventCurrencyPosition":"","_EventDateTimeSeparator":"","_EventTimeRangeSeparator":"","_EventOrganizerID":[],"_EventVenueID":[],"_OrganizerEmail":"","_OrganizerPhone":"","_OrganizerWebsite":"","_VenueAddress":"","_VenueCity":"","_VenueCountry":"","_VenueProvince":"","_VenueState":"","_VenueZip":"","_VenuePhone":"","_VenueURL":"","_VenueStateProvince":"","_VenueLat":"","_VenueLng":"","_VenueShowMap":false,"_VenueShowMapLink":false,"footnotes":""},"class_list":["post-52","page","type-page","status-publish","has-post-thumbnail","hentry"],"_links":{"self":[{"href":"https:\/\/par56-demo1.fr\/archives-diocesaines\/wp-json\/wp\/v2\/pages\/52","targetHints":{"allow":["GET"]}}],"collection":[{"href":"https:\/\/par56-demo1.fr\/archives-diocesaines\/wp-json\/wp\/v2\/pages"}],"about":[{"href":"https:\/\/par56-demo1.fr\/archives-diocesaines\/wp-json\/wp\/v2\/types\/page"}],"author":[{"embeddable":true,"href":"https:\/\/par56-demo1.fr\/archives-diocesaines\/wp-json\/wp\/v2\/users\/1"}],"replies":[{"embeddable":true,"href":"https:\/\/par56-demo1.fr\/archives-diocesaines\/wp-json\/wp\/v2\/comments?post=52"}],"version-history":[{"count":9,"href":"https:\/\/par56-demo1.fr\/archives-diocesaines\/wp-json\/wp\/v2\/pages\/52\/revisions"}],"predecessor-version":[{"id":66,"href":"https:\/\/par56-demo1.fr\/archives-diocesaines\/wp-json\/wp\/v2\/pages\/52\/revisions\/66"}],"wp:featuredmedia":[{"embeddable":true,"href":"https:\/\/par56-demo1.fr\/archives-diocesaines\/wp-json\/wp\/v2\/media\/55"}],"wp:attachment":[{"href":"https:\/\/par56-demo1.fr\/archives-diocesaines\/wp-json\/wp\/v2\/media?parent=52"}],"curies":[{"name":"wp","href":"https:\/\/api.w.org\/{rel}","templated":true}]}}