{"id":50,"date":"2025-12-02T18:14:50","date_gmt":"2025-12-02T17:14:50","guid":{"rendered":"https:\/\/par56-demo1.fr\/archives-diocesaines\/?page_id=50"},"modified":"2025-12-02T18:45:16","modified_gmt":"2025-12-02T17:45:16","slug":"archives-numerisees-diocesaines-morbihan-vannes","status":"publish","type":"page","link":"https:\/\/par56-demo1.fr\/archives-diocesaines\/archives-numerisees-diocesaines-morbihan-vannes\/","title":{"rendered":"Archives num\u00e9ris\u00e9es"},"content":{"rendered":"\n<div style=\"height:20px\" aria-hidden=\"true\" class=\"wp-block-spacer\"><\/div>\n\n\n\n<h2 class=\"wp-block-heading\">Z. Fonds priv\u00e9s<\/h2>\n\n\n\n<h3 class=\"wp-block-heading\">P\u00e8re Armand Chevr\u00e9 (1925-2021) : sermons<\/h3>\n\n\n\n<p>Le P\u00e8re Armand Chevr\u00e9, n\u00e9 \u00e0 Rochefort-en-Terre le 2 mars 1925, a \u00e9t\u00e9 ordonn\u00e9 pr\u00eatre le 29 juin 1949. Il a \u00e9t\u00e9 tour \u00e0 tour vicaire-instituteur, aum\u00f4nier \u00e0 la maison St Joseph de Kermaria, charg\u00e9 de la pastorale dioc\u00e9saine de l\u2019enfance inadapt\u00e9e, en charge des paroisses de Carnac et St Pie X \u00e0 Vannes. Ses obs\u00e8ques ont \u00e9t\u00e9 c\u00e9l\u00e9br\u00e9es en la basilique Ste-Anne d\u2019Auray le 17 juin 2021. Pendant 23 ans il fut aum\u00f4nier de la clinique et au service des Augustines \u00e0 Malestroit.<\/p>\n\n\n\n<p>Fervent pr\u00e9dicateur, il a su transmettre et partager dans ses hom\u00e9lies un message d\u2019esp\u00e9rance, de bonheur et de r\u00e9confort. De nombreux t\u00e9moignages de fid\u00e8les et de malades disent combien ils ont pu y trouver l\u2019\u00e9nergie n\u00e9cessaire pour le chemin parfois difficile qu\u2019ils avaient \u00e0 parcourir.<\/p>\n\n\n\n<div style=\"height:20px\" aria-hidden=\"true\" class=\"wp-block-spacer\"><\/div>\n\n\n\n<h2 class=\"wp-block-heading\">Ressources \u00e0 t\u00e9l\u00e9charger<\/h2>\n\n\n\n<ul class=\"wp-block-list\">\n<li><a href=\"http:\/\/par56-demo1.fr\/archives-diocesaines\/wp-content\/uploads\/sites\/7\/2025\/12\/4Z004_Armand_Chevre_homelies_inventaire.pdf\">inventaire du fonds Armand Chevr\u00e9<\/a><\/li>\n\n\n\n<li>hom\u00e9lies des dimanches et f\u00eates, ci-dessous<em>. Les fichiers pdf exc\u00e9dant une vingtaine de pages contiennent des signets listant l\u2019ann\u00e9e de composition de chaque hom\u00e9lie.<\/em><\/li>\n<\/ul>\n\n\n\n<p>blabla<\/p>\n","protected":false},"excerpt":{"rendered":"<p>Z. Fonds priv\u00e9s P\u00e8re Armand Chevr\u00e9 (1925-2021) : sermons Le P\u00e8re Armand Chevr\u00e9, n\u00e9 \u00e0 Rochefort-en-Terre le 2 mars 1925, a \u00e9t\u00e9 ordonn\u00e9 pr\u00eatre le 29 juin 1949. Il a [&hellip;]<\/p>\n","protected":false},"author":1,"featured_media":79,"parent":0,"menu_order":0,"comment_status":"closed","ping_status":"closed","template":"","meta":{"_eb_attr":"","_EventAllDay":false,"_EventTimezone":"","_EventStartDate":"","_EventEndDate":"","_EventStartDateUTC":"","_EventEndDateUTC":"","_EventShowMap":false,"_EventShowMapLink":false,"_EventURL":"","_EventCost":"","_EventCostDescription":"","_EventCurrencySymbol":"","_EventCurrencyCode":"","_EventCurrencyPosition":"","_EventDateTimeSeparator":"","_EventTimeRangeSeparator":"","_EventOrganizerID":[],"_EventVenueID":[],"_OrganizerEmail":"","_OrganizerPhone":"","_OrganizerWebsite":"","_VenueAddress":"","_VenueCity":"","_VenueCountry":"","_VenueProvince":"","_VenueState":"","_VenueZip":"","_VenuePhone":"","_VenueURL":"","_VenueStateProvince":"","_VenueLat":"","_VenueLng":"","_VenueShowMap":false,"_VenueShowMapLink":false,"footnotes":""},"class_list":["post-50","page","type-page","status-publish","has-post-thumbnail","hentry"],"_links":{"self":[{"href":"https:\/\/par56-demo1.fr\/archives-diocesaines\/wp-json\/wp\/v2\/pages\/50","targetHints":{"allow":["GET"]}}],"collection":[{"href":"https:\/\/par56-demo1.fr\/archives-diocesaines\/wp-json\/wp\/v2\/pages"}],"about":[{"href":"https:\/\/par56-demo1.fr\/archives-diocesaines\/wp-json\/wp\/v2\/types\/page"}],"author":[{"embeddable":true,"href":"https:\/\/par56-demo1.fr\/archives-diocesaines\/wp-json\/wp\/v2\/users\/1"}],"replies":[{"embeddable":true,"href":"https:\/\/par56-demo1.fr\/archives-diocesaines\/wp-json\/wp\/v2\/comments?post=50"}],"version-history":[{"count":3,"href":"https:\/\/par56-demo1.fr\/archives-diocesaines\/wp-json\/wp\/v2\/pages\/50\/revisions"}],"predecessor-version":[{"id":78,"href":"https:\/\/par56-demo1.fr\/archives-diocesaines\/wp-json\/wp\/v2\/pages\/50\/revisions\/78"}],"wp:featuredmedia":[{"embeddable":true,"href":"https:\/\/par56-demo1.fr\/archives-diocesaines\/wp-json\/wp\/v2\/media\/79"}],"wp:attachment":[{"href":"https:\/\/par56-demo1.fr\/archives-diocesaines\/wp-json\/wp\/v2\/media?parent=50"}],"curies":[{"name":"wp","href":"https:\/\/api.w.org\/{rel}","templated":true}]}}