{"id":48,"date":"2025-12-02T18:14:18","date_gmt":"2025-12-02T17:14:18","guid":{"rendered":"https:\/\/par56-demo1.fr\/archives-diocesaines\/?page_id=48"},"modified":"2025-12-02T18:38:08","modified_gmt":"2025-12-02T17:38:08","slug":"cadre-de-classement-archives-diocesaines-morbihan-vannes","status":"publish","type":"page","link":"https:\/\/par56-demo1.fr\/archives-diocesaines\/cadre-de-classement-archives-diocesaines-morbihan-vannes\/","title":{"rendered":"Cadre de classement"},"content":{"rendered":"\n<h2 class=\"wp-block-heading\">Les s\u00e9ries du cadre de classement des Archives historiques du dioc\u00e8se de Vannes<\/h2>\n\n\n\n<p>S\u00e9rie A \u2013 Relations avec le Saint-Si\u00e8ge<\/p>\n\n\n\n<p>S\u00e9rie B \u2013 Relations interdioc\u00e9saines<\/p>\n\n\n\n<p>S\u00e9rie C \u2013 Organisation territoriale du dioc\u00e8se<\/p>\n\n\n\n<p>S\u00e9rie D \u2013 Personnel<\/p>\n\n\n\n<p>S\u00e9rie E \u2013 Magist\u00e8re \u00e9piscopal<\/p>\n\n\n\n<p>S\u00e9rie F \u2013 Discipline dioc\u00e9saine<\/p>\n\n\n\n<p>S\u00e9rie G \u2013 Sacrements et liturgie<\/p>\n\n\n\n<p>S\u00e9rie H \u2013 Formation du clerg\u00e9<\/p>\n\n\n\n<p>S\u00e9rie J \u2013 Monde scolaire et enseignement<\/p>\n\n\n\n<p>S\u00e9rie K \u2013 Apostolat, \u0153uvres, pastorale<\/p>\n\n\n\n<p>S\u00e9rie L \u2013 Temporel<\/p>\n\n\n\n<p>S\u00e9rie M \u2013 Rapports avec l\u2019autorit\u00e9 civile<\/p>\n\n\n\n<p>S\u00e9rie N \u2013 Langue bretonne<\/p>\n\n\n\n<p>S\u00e9rie P \u2013 Paroisses<\/p>\n\n\n\n<p>S\u00e9rie R \u2013 Religieux et Instituts s\u00e9culiers<\/p>\n\n\n\n<p>S\u00e9rie S \u2013 Cultes non-catholiques<\/p>\n\n\n\n<p>S\u00e9rie V \u2013 Fonds musicaux<\/p>\n\n\n\n<p>S\u00e9rie Y \u2013 Iconographie<\/p>\n\n\n\n<p>S\u00e9rie Z \u2013 Documentation historique et fonds priv\u00e9s<\/p>\n\n\n\n<p>S\u00e9rie AA \u2013 Documents ant\u00e9rieurs \u00e0 1791<\/p>\n\n\n\n<p>S\u00e9rie BB \u2013 Documents de la p\u00e9riode 1791-1801<\/p>\n\n\n\n<p>S\u00e9rie Av \u2013 Audio-visuel<\/p>\n\n\n\n<p>S\u00e9rie Per \u2013 P\u00e9riodiques<\/p>\n","protected":false},"excerpt":{"rendered":"<p>Les s\u00e9ries du cadre de classement des Archives historiques du dioc\u00e8se de Vannes S\u00e9rie A \u2013 Relations avec le Saint-Si\u00e8ge S\u00e9rie B \u2013 Relations interdioc\u00e9saines S\u00e9rie C \u2013 Organisation territoriale [&hellip;]<\/p>\n","protected":false},"author":1,"featured_media":72,"parent":0,"menu_order":0,"comment_status":"closed","ping_status":"closed","template":"","meta":{"_eb_attr":"","_EventAllDay":false,"_EventTimezone":"","_EventStartDate":"","_EventEndDate":"","_EventStartDateUTC":"","_EventEndDateUTC":"","_EventShowMap":false,"_EventShowMapLink":false,"_EventURL":"","_EventCost":"","_EventCostDescription":"","_EventCurrencySymbol":"","_EventCurrencyCode":"","_EventCurrencyPosition":"","_EventDateTimeSeparator":"","_EventTimeRangeSeparator":"","_EventOrganizerID":[],"_EventVenueID":[],"_OrganizerEmail":"","_OrganizerPhone":"","_OrganizerWebsite":"","_VenueAddress":"","_VenueCity":"","_VenueCountry":"","_VenueProvince":"","_VenueState":"","_VenueZip":"","_VenuePhone":"","_VenueURL":"","_VenueStateProvince":"","_VenueLat":"","_VenueLng":"","_VenueShowMap":false,"_VenueShowMapLink":false,"footnotes":""},"class_list":["post-48","page","type-page","status-publish","has-post-thumbnail","hentry"],"_links":{"self":[{"href":"https:\/\/par56-demo1.fr\/archives-diocesaines\/wp-json\/wp\/v2\/pages\/48","targetHints":{"allow":["GET"]}}],"collection":[{"href":"https:\/\/par56-demo1.fr\/archives-diocesaines\/wp-json\/wp\/v2\/pages"}],"about":[{"href":"https:\/\/par56-demo1.fr\/archives-diocesaines\/wp-json\/wp\/v2\/types\/page"}],"author":[{"embeddable":true,"href":"https:\/\/par56-demo1.fr\/archives-diocesaines\/wp-json\/wp\/v2\/users\/1"}],"replies":[{"embeddable":true,"href":"https:\/\/par56-demo1.fr\/archives-diocesaines\/wp-json\/wp\/v2\/comments?post=48"}],"version-history":[{"count":2,"href":"https:\/\/par56-demo1.fr\/archives-diocesaines\/wp-json\/wp\/v2\/pages\/48\/revisions"}],"predecessor-version":[{"id":71,"href":"https:\/\/par56-demo1.fr\/archives-diocesaines\/wp-json\/wp\/v2\/pages\/48\/revisions\/71"}],"wp:featuredmedia":[{"embeddable":true,"href":"https:\/\/par56-demo1.fr\/archives-diocesaines\/wp-json\/wp\/v2\/media\/72"}],"wp:attachment":[{"href":"https:\/\/par56-demo1.fr\/archives-diocesaines\/wp-json\/wp\/v2\/media?parent=48"}],"curies":[{"name":"wp","href":"https:\/\/api.w.org\/{rel}","templated":true}]}}