{"id":27,"date":"2025-12-02T17:52:00","date_gmt":"2025-12-02T16:52:00","guid":{"rendered":"https:\/\/par56-demo1.fr\/archives-diocesaines\/?page_id=27"},"modified":"2025-12-02T18:55:53","modified_gmt":"2025-12-02T17:55:53","slug":"les-archives-diocesaines-vous-souhaitent-la-bienvenue","status":"publish","type":"page","link":"https:\/\/par56-demo1.fr\/archives-diocesaines\/","title":{"rendered":"Les archives dioc\u00e9saines vous souhaitent la bienvenue"},"content":{"rendered":"\n<p>Les <strong>Archives dioc\u00e9saines<\/strong>, aussi appel\u00e9es Archives historiques, sont au service de la m\u00e9moire de l&rsquo;\u00c9glise locale.<br>Elles ont pour mission de conserver, classer et mettre en valeur les documents retra\u00e7ant l&rsquo;histoire et la vie du dioc\u00e8se, pour les 19e et 20e si\u00e8cles principalement. <br>Tout en faisant l&rsquo;inventaire des fonds d\u00e9j\u00e0 rassembl\u00e9s, elles collectent \u00e9galement les archives, pass\u00e9es et pr\u00e9sentes, qui \u00e9manent de la vie catholique au sein du dioc\u00e8se.<br>Cette double d\u00e9marche \u00e9tablit une continuit\u00e9 dans la m\u00e9moire, entre celle de nos pr\u00e9d\u00e9cesseurs et celle des g\u00e9n\u00e9rations futures.<\/p>\n\n\n\n<div style=\"height:20px\" aria-hidden=\"true\" class=\"wp-block-spacer\"><\/div>\n\n\n\n<h2 class=\"wp-block-heading\">La s\u00e9lection de l&rsquo;archiviste<\/h2>\n\n\n\n<div class=\"wp-block-media-text is-stacked-on-mobile\" style=\"grid-template-columns:22% auto\"><figure class=\"wp-block-media-text__media\"><a href=\"https:\/\/vannes-my.sharepoint.com\/:f:\/r\/personal\/archives_historiques_diocese-vannes_fr\/Documents\/Archives%20num%C3%A9ris%C3%A9es\/2G_Breviarium-romanum-proprium-diocoesis-venetensis_1949?e=5%3a8f67be8299e84d3f92a5d65484892265&amp;sharingv2=true&amp;fromShare=true&amp;at=9\"><img loading=\"lazy\" decoding=\"async\" width=\"616\" height=\"1024\" src=\"https:\/\/par56-demo1.fr\/archives-diocesaines\/wp-content\/uploads\/sites\/7\/2025\/12\/Breviarium_Veneten_pars-aestiva_1949-1.png\" alt=\"\" class=\"wp-image-85 size-full\" srcset=\"https:\/\/par56-demo1.fr\/archives-diocesaines\/wp-content\/uploads\/sites\/7\/2025\/12\/Breviarium_Veneten_pars-aestiva_1949-1.png 616w, https:\/\/par56-demo1.fr\/archives-diocesaines\/wp-content\/uploads\/sites\/7\/2025\/12\/Breviarium_Veneten_pars-aestiva_1949-1-180x300.png 180w\" sizes=\"auto, (max-width: 616px) 100vw, 616px\" \/><\/a><\/figure><div class=\"wp-block-media-text__content\">\n<p class=\"has-large-font-size\"><strong><a href=\"https:\/\/vannes-my.sharepoint.com\/:f:\/r\/personal\/archives_historiques_diocese-vannes_fr\/Documents\/Archives%20num%C3%A9ris%C3%A9es\/2G_Breviarium-romanum-proprium-diocoesis-venetensis_1949?e=5%3a8f67be8299e84d3f92a5d65484892265&amp;sharingv2=true&amp;fromShare=true&amp;at=9\">Breviarium_Veneten_pars-aestiva_1949-1<\/a><\/strong><\/p>\n<\/div><\/div>\n","protected":false},"excerpt":{"rendered":"<p>Les Archives dioc\u00e9saines, aussi appel\u00e9es Archives historiques, sont au service de la m\u00e9moire de l&rsquo;\u00c9glise locale.Elles ont pour mission de conserver, classer et mettre en valeur les documents retra\u00e7ant l&rsquo;histoire [&hellip;]<\/p>\n","protected":false},"author":1,"featured_media":0,"parent":0,"menu_order":0,"comment_status":"closed","ping_status":"closed","template":"","meta":{"_eb_attr":"","_EventAllDay":false,"_EventTimezone":"","_EventStartDate":"","_EventEndDate":"","_EventStartDateUTC":"","_EventEndDateUTC":"","_EventShowMap":false,"_EventShowMapLink":false,"_EventURL":"","_EventCost":"","_EventCostDescription":"","_EventCurrencySymbol":"","_EventCurrencyCode":"","_EventCurrencyPosition":"","_EventDateTimeSeparator":"","_EventTimeRangeSeparator":"","_EventOrganizerID":[],"_EventVenueID":[],"_OrganizerEmail":"","_OrganizerPhone":"","_OrganizerWebsite":"","_VenueAddress":"","_VenueCity":"","_VenueCountry":"","_VenueProvince":"","_VenueState":"","_VenueZip":"","_VenuePhone":"","_VenueURL":"","_VenueStateProvince":"","_VenueLat":"","_VenueLng":"","_VenueShowMap":false,"_VenueShowMapLink":false,"footnotes":""},"class_list":["post-27","page","type-page","status-publish","hentry"],"_links":{"self":[{"href":"https:\/\/par56-demo1.fr\/archives-diocesaines\/wp-json\/wp\/v2\/pages\/27","targetHints":{"allow":["GET"]}}],"collection":[{"href":"https:\/\/par56-demo1.fr\/archives-diocesaines\/wp-json\/wp\/v2\/pages"}],"about":[{"href":"https:\/\/par56-demo1.fr\/archives-diocesaines\/wp-json\/wp\/v2\/types\/page"}],"author":[{"embeddable":true,"href":"https:\/\/par56-demo1.fr\/archives-diocesaines\/wp-json\/wp\/v2\/users\/1"}],"replies":[{"embeddable":true,"href":"https:\/\/par56-demo1.fr\/archives-diocesaines\/wp-json\/wp\/v2\/comments?post=27"}],"version-history":[{"count":5,"href":"https:\/\/par56-demo1.fr\/archives-diocesaines\/wp-json\/wp\/v2\/pages\/27\/revisions"}],"predecessor-version":[{"id":88,"href":"https:\/\/par56-demo1.fr\/archives-diocesaines\/wp-json\/wp\/v2\/pages\/27\/revisions\/88"}],"wp:attachment":[{"href":"https:\/\/par56-demo1.fr\/archives-diocesaines\/wp-json\/wp\/v2\/media?parent=27"}],"curies":[{"name":"wp","href":"https:\/\/api.w.org\/{rel}","templated":true}]}}