{"id":20,"date":"2025-12-02T17:41:45","date_gmt":"2025-12-02T16:41:45","guid":{"rendered":"https:\/\/par56-demo1.fr\/archives-diocesaines\/?page_id=20"},"modified":"2025-12-02T18:50:20","modified_gmt":"2025-12-02T17:50:20","slug":"consulter-les-archives","status":"publish","type":"page","link":"https:\/\/par56-demo1.fr\/archives-diocesaines\/consulter-les-archives\/","title":{"rendered":"Consulter les archives"},"content":{"rendered":"\n<figure class=\"wp-block-image size-full\"><img loading=\"lazy\" decoding=\"async\" width=\"1024\" height=\"576\" src=\"https:\/\/par56-demo1.fr\/archives-diocesaines\/wp-content\/uploads\/sites\/7\/2025\/12\/archives-edited.jpg\" alt=\"\" class=\"wp-image-46\" srcset=\"https:\/\/par56-demo1.fr\/archives-diocesaines\/wp-content\/uploads\/sites\/7\/2025\/12\/archives-edited.jpg 1024w, https:\/\/par56-demo1.fr\/archives-diocesaines\/wp-content\/uploads\/sites\/7\/2025\/12\/archives-edited-300x169.jpg 300w, https:\/\/par56-demo1.fr\/archives-diocesaines\/wp-content\/uploads\/sites\/7\/2025\/12\/archives-edited-768x432.jpg 768w\" sizes=\"auto, (max-width: 1024px) 100vw, 1024px\" \/><\/figure>\n\n\n\n<div style=\"height:20px\" aria-hidden=\"true\" class=\"wp-block-spacer\"><\/div>\n\n\n\n<h2 class=\"wp-block-heading\">Consulter<\/h2>\n\n\n\n<p>Les archives sont librement consultables, en-dehors des d\u00e9lais et restrictions pr\u00e9vus par la loi civile et\/ou canonique.<\/p>\n\n\n\n<p><a href=\"https:\/\/par56-demo1.fr\/archives-diocesaines\/contact-et-acces\/\" data-type=\"page\" data-id=\"12\">Les consultations sur place se font uniquement sur rendez-vous<\/a>, le lundi, mardi et jeudi, en fonction des disponibilit\u00e9s de l\u2019archiviste.<\/p>\n\n\n\n<div style=\"height:20px\" aria-hidden=\"true\" class=\"wp-block-spacer\"><\/div>\n\n\n\n<h2 class=\"wp-block-heading\">Contribuer<\/h2>\n\n\n\n<p>Photographies, lettres, enregistrements, documents\u2026 vous pouvez nous faire parvenir des documents t\u00e9moignant de la vie religieuse du dioc\u00e8se, en nous confiant le document original ou encore en nous remettant une copie num\u00e9rique.<\/p>\n","protected":false},"excerpt":{"rendered":"<p>Consulter Les archives sont librement consultables, en-dehors des d\u00e9lais et restrictions pr\u00e9vus par la loi civile et\/ou canonique. Les consultations sur place se font uniquement sur rendez-vous, le lundi, mardi [&hellip;]<\/p>\n","protected":false},"author":1,"featured_media":0,"parent":0,"menu_order":0,"comment_status":"closed","ping_status":"closed","template":"","meta":{"_eb_attr":"","_EventAllDay":false,"_EventTimezone":"","_EventStartDate":"","_EventEndDate":"","_EventStartDateUTC":"","_EventEndDateUTC":"","_EventShowMap":false,"_EventShowMapLink":false,"_EventURL":"","_EventCost":"","_EventCostDescription":"","_EventCurrencySymbol":"","_EventCurrencyCode":"","_EventCurrencyPosition":"","_EventDateTimeSeparator":"","_EventTimeRangeSeparator":"","_EventOrganizerID":[],"_EventVenueID":[],"_OrganizerEmail":"","_OrganizerPhone":"","_OrganizerWebsite":"","_VenueAddress":"","_VenueCity":"","_VenueCountry":"","_VenueProvince":"","_VenueState":"","_VenueZip":"","_VenuePhone":"","_VenueURL":"","_VenueStateProvince":"","_VenueLat":"","_VenueLng":"","_VenueShowMap":false,"_VenueShowMapLink":false,"footnotes":""},"class_list":["post-20","page","type-page","status-publish","hentry"],"_links":{"self":[{"href":"https:\/\/par56-demo1.fr\/archives-diocesaines\/wp-json\/wp\/v2\/pages\/20","targetHints":{"allow":["GET"]}}],"collection":[{"href":"https:\/\/par56-demo1.fr\/archives-diocesaines\/wp-json\/wp\/v2\/pages"}],"about":[{"href":"https:\/\/par56-demo1.fr\/archives-diocesaines\/wp-json\/wp\/v2\/types\/page"}],"author":[{"embeddable":true,"href":"https:\/\/par56-demo1.fr\/archives-diocesaines\/wp-json\/wp\/v2\/users\/1"}],"replies":[{"embeddable":true,"href":"https:\/\/par56-demo1.fr\/archives-diocesaines\/wp-json\/wp\/v2\/comments?post=20"}],"version-history":[{"count":9,"href":"https:\/\/par56-demo1.fr\/archives-diocesaines\/wp-json\/wp\/v2\/pages\/20\/revisions"}],"predecessor-version":[{"id":83,"href":"https:\/\/par56-demo1.fr\/archives-diocesaines\/wp-json\/wp\/v2\/pages\/20\/revisions\/83"}],"wp:attachment":[{"href":"https:\/\/par56-demo1.fr\/archives-diocesaines\/wp-json\/wp\/v2\/media?parent=20"}],"curies":[{"name":"wp","href":"https:\/\/api.w.org\/{rel}","templated":true}]}}