{"id":14,"date":"2025-12-02T17:40:54","date_gmt":"2025-12-02T16:40:54","guid":{"rendered":"https:\/\/par56-demo1.fr\/archives-diocesaines\/?page_id=14"},"modified":"2025-12-02T18:48:13","modified_gmt":"2025-12-02T17:48:13","slug":"ressources-en-ligne","status":"publish","type":"page","link":"https:\/\/par56-demo1.fr\/archives-diocesaines\/ressources-en-ligne\/","title":{"rendered":"Ressources en ligne"},"content":{"rendered":"\n<div style=\"height:20px\" aria-hidden=\"true\" class=\"wp-block-spacer\"><\/div>\n\n\n\n<div class=\"wp-block-media-text is-stacked-on-mobile\"><figure class=\"wp-block-media-text__media\"><a href=\"https:\/\/par56-demo1.fr\/archives-diocesaines\/cadre-de-classement-archives-diocesaines-morbihan-vannes\/\"><img loading=\"lazy\" decoding=\"async\" width=\"1000\" height=\"667\" src=\"http:\/\/par56-demo1.fr\/archives-diocesaines\/wp-content\/uploads\/sites\/7\/2025\/12\/archives-cadres-de-classement.jpg\" alt=\"\" class=\"wp-image-72 size-full\" srcset=\"https:\/\/par56-demo1.fr\/archives-diocesaines\/wp-content\/uploads\/sites\/7\/2025\/12\/archives-cadres-de-classement.jpg 1000w, https:\/\/par56-demo1.fr\/archives-diocesaines\/wp-content\/uploads\/sites\/7\/2025\/12\/archives-cadres-de-classement-300x200.jpg 300w, https:\/\/par56-demo1.fr\/archives-diocesaines\/wp-content\/uploads\/sites\/7\/2025\/12\/archives-cadres-de-classement-768x512.jpg 768w\" sizes=\"auto, (max-width: 1000px) 100vw, 1000px\" \/><\/a><\/figure><div class=\"wp-block-media-text__content\">\n<p class=\"is-style-default has-large-font-size\"><strong><a href=\"https:\/\/par56-demo1.fr\/archives-diocesaines\/cadre-de-classement-archives-diocesaines-morbihan-vannes\/\">Cadre de classement<\/a><\/strong><\/p>\n\n\n\n<p>Obtenir un acte de bapt\u00eame, de mariage ou de s\u00e9pulture conserv\u00e9 aux Archives dioc\u00e9saines en t\u00e9l\u00e9chargeant le formulaire correspondant. Seules les personnes concern\u00e9es ou leurs ayants droit peuvent acc\u00e9der aux actes dans les limites l\u00e9gales de communicabilit\u00e9.<\/p>\n<\/div><\/div>\n\n\n\n<div class=\"wp-block-media-text has-media-on-the-right is-stacked-on-mobile\"><div class=\"wp-block-media-text__content\">\n<p class=\"has-large-font-size\"><strong><a href=\"https:\/\/par56-demo1.fr\/archives-diocesaines\/archives-numerisees-diocesaines-morbihan-vannes\/\">Archives num\u00e9ris\u00e9es<\/a><\/strong><\/p>\n\n\n\n<p>Acc\u00e9dez aux archives dioc\u00e9saines d\u00e9j\u00e0 num\u00e9ris\u00e9es : registres, documents anciens, fonds iconographiques, publications et ressources historiques disponibles en ligne. Une s\u00e9lection de pi\u00e8ces consultables imm\u00e9diatement pour faciliter vos recherches. <\/p>\n\n\n\n<p><\/p>\n<\/div><figure class=\"wp-block-media-text__media\"><a href=\"https:\/\/par56-demo1.fr\/archives-diocesaines\/archives-numerisees-diocesaines-morbihan-vannes\/\"><img loading=\"lazy\" decoding=\"async\" width=\"1000\" height=\"667\" src=\"http:\/\/par56-demo1.fr\/archives-diocesaines\/wp-content\/uploads\/sites\/7\/2025\/12\/archives-numerisees.jpg\" alt=\"\" class=\"wp-image-79 size-full\" srcset=\"https:\/\/par56-demo1.fr\/archives-diocesaines\/wp-content\/uploads\/sites\/7\/2025\/12\/archives-numerisees.jpg 1000w, https:\/\/par56-demo1.fr\/archives-diocesaines\/wp-content\/uploads\/sites\/7\/2025\/12\/archives-numerisees-300x200.jpg 300w, https:\/\/par56-demo1.fr\/archives-diocesaines\/wp-content\/uploads\/sites\/7\/2025\/12\/archives-numerisees-768x512.jpg 768w\" sizes=\"auto, (max-width: 1000px) 100vw, 1000px\" \/><\/a><\/figure><\/div>\n\n\n\n<div class=\"wp-block-media-text is-stacked-on-mobile\"><figure class=\"wp-block-media-text__media\"><a href=\"https:\/\/par56-demo1.fr\/archives-diocesaines\/recherches-genealogiques-archives-diocesaines-vannes-morbihan\/\"><img loading=\"lazy\" decoding=\"async\" width=\"1000\" height=\"667\" src=\"http:\/\/par56-demo1.fr\/archives-diocesaines\/wp-content\/uploads\/sites\/7\/2025\/12\/recherches-genealogiques.jpg\" alt=\"\" class=\"wp-image-55 size-full\" srcset=\"https:\/\/par56-demo1.fr\/archives-diocesaines\/wp-content\/uploads\/sites\/7\/2025\/12\/recherches-genealogiques.jpg 1000w, https:\/\/par56-demo1.fr\/archives-diocesaines\/wp-content\/uploads\/sites\/7\/2025\/12\/recherches-genealogiques-300x200.jpg 300w, https:\/\/par56-demo1.fr\/archives-diocesaines\/wp-content\/uploads\/sites\/7\/2025\/12\/recherches-genealogiques-768x512.jpg 768w\" sizes=\"auto, (max-width: 1000px) 100vw, 1000px\" \/><\/a><\/figure><div class=\"wp-block-media-text__content\">\n<p class=\"has-large-font-size\"><strong><a href=\"https:\/\/par56-demo1.fr\/archives-diocesaines\/recherches-genealogiques-archives-diocesaines-vannes-morbihan\/\" data-type=\"page\" data-id=\"52\">Recherches g\u00e9n\u00e9alogiques<\/a><\/strong><\/p>\n\n\n\n<p>Obtenir un acte de bapt\u00eame, de mariage ou de s\u00e9pulture conserv\u00e9 aux Archives dioc\u00e9saines en t\u00e9l\u00e9chargeant le formulaire correspondant. Seules les personnes concern\u00e9es ou leurs ayants droit peuvent acc\u00e9der aux actes dans les limites l\u00e9gales de communicabilit\u00e9.<\/p>\n<\/div><\/div>\n\n\n\n<p><\/p>\n","protected":false},"excerpt":{"rendered":"<p>Cadre de classement Obtenir un acte de bapt\u00eame, de mariage ou de s\u00e9pulture conserv\u00e9 aux Archives dioc\u00e9saines en t\u00e9l\u00e9chargeant le formulaire correspondant. Seules les personnes concern\u00e9es ou leurs ayants droit [&hellip;]<\/p>\n","protected":false},"author":1,"featured_media":0,"parent":0,"menu_order":0,"comment_status":"closed","ping_status":"closed","template":"","meta":{"_eb_attr":"","_EventAllDay":false,"_EventTimezone":"","_EventStartDate":"","_EventEndDate":"","_EventStartDateUTC":"","_EventEndDateUTC":"","_EventShowMap":false,"_EventShowMapLink":false,"_EventURL":"","_EventCost":"","_EventCostDescription":"","_EventCurrencySymbol":"","_EventCurrencyCode":"","_EventCurrencyPosition":"","_EventDateTimeSeparator":"","_EventTimeRangeSeparator":"","_EventOrganizerID":[],"_EventVenueID":[],"_OrganizerEmail":"","_OrganizerPhone":"","_OrganizerWebsite":"","_VenueAddress":"","_VenueCity":"","_VenueCountry":"","_VenueProvince":"","_VenueState":"","_VenueZip":"","_VenuePhone":"","_VenueURL":"","_VenueStateProvince":"","_VenueLat":"","_VenueLng":"","_VenueShowMap":false,"_VenueShowMapLink":false,"footnotes":""},"class_list":["post-14","page","type-page","status-publish","hentry"],"_links":{"self":[{"href":"https:\/\/par56-demo1.fr\/archives-diocesaines\/wp-json\/wp\/v2\/pages\/14","targetHints":{"allow":["GET"]}}],"collection":[{"href":"https:\/\/par56-demo1.fr\/archives-diocesaines\/wp-json\/wp\/v2\/pages"}],"about":[{"href":"https:\/\/par56-demo1.fr\/archives-diocesaines\/wp-json\/wp\/v2\/types\/page"}],"author":[{"embeddable":true,"href":"https:\/\/par56-demo1.fr\/archives-diocesaines\/wp-json\/wp\/v2\/users\/1"}],"replies":[{"embeddable":true,"href":"https:\/\/par56-demo1.fr\/archives-diocesaines\/wp-json\/wp\/v2\/comments?post=14"}],"version-history":[{"count":9,"href":"https:\/\/par56-demo1.fr\/archives-diocesaines\/wp-json\/wp\/v2\/pages\/14\/revisions"}],"predecessor-version":[{"id":82,"href":"https:\/\/par56-demo1.fr\/archives-diocesaines\/wp-json\/wp\/v2\/pages\/14\/revisions\/82"}],"wp:attachment":[{"href":"https:\/\/par56-demo1.fr\/archives-diocesaines\/wp-json\/wp\/v2\/media?parent=14"}],"curies":[{"name":"wp","href":"https:\/\/api.w.org\/{rel}","templated":true}]}}